{"id":825,"date":"2023-04-28T10:33:00","date_gmt":"2023-04-28T10:33:00","guid":{"rendered":"https:\/\/onboatsrental.com\/reserva-tu-embarcacion\/"},"modified":"2026-03-25T08:47:27","modified_gmt":"2026-03-25T08:47:27","slug":"reservez-votre-bateau","status":"publish","type":"page","link":"https:\/\/onboatsrental.com\/fr\/reservez-votre-bateau\/","title":{"rendered":"R\u00c9SERVEZ VOTRE BATEAU"},"content":{"rendered":"[et_pb_section fb_built=\u00a0\u00bb1&Prime; fullwidth=\u00a0\u00bbon\u00a0\u00bb disabled_on=\u00a0\u00bbon|on|off\u00a0\u00bb _builder_version=\u00a0\u00bb4.21.0&Prime; _module_preset=\u00a0\u00bbdefault\u00a0\u00bb bottom_divider_style=\u00a0\u00bbwave2&Prime; bottom_divider_color=\u00a0\u00bb#FFFFFF\u00a0\u00bb global_colors_info=\u00a0\u00bb{}\u00a0\u00bb][et_pb_fullwidth_header title=\u00a0\u00bbR\u00e9servez votre bateau\u00a0\u00bb subhead=\u00a0\u00bbVOUS \u00caTES MAINTENANT PLUS PR\u00c8S D&rsquo;UNE JOURN\u00c9E INOUBLIABLE\u00a0\u00bb header_fullscreen=\u00a0\u00bbon\u00a0\u00bb header_scroll_down=\u00a0\u00bbon\u00a0\u00bb background_overlay_color=\u00a0\u00bbrgba(26,53,87,0.5)\u00a0\u00bb button_two_text_last_edited=\u00a0\u00bboff|desktop\u00a0\u00bb _builder_version=\u00a0\u00bb4.21.0&Prime; _module_preset=\u00a0\u00bbdefault\u00a0\u00bb title_text_align=\u00a0\u00bbcenter\u00a0\u00bb title_font_size=\u00a0\u00bb49px\u00a0\u00bb subhead_font=\u00a0\u00bb|||on|||||\u00a0\u00bb subhead_text_align=\u00a0\u00bbcenter\u00a0\u00bb subhead_font_size=\u00a0\u00bb21px\u00a0\u00bb background_image=\u00a0\u00bbhttps:\/\/onboatsrental.com\/wp-content\/uploads\/2023\/05\/reserva.jpg\u00a0\u00bb background_enable_video_mp4=\u00a0\u00bboff\u00a0\u00bb custom_button_one=\u00a0\u00bbon\u00a0\u00bb button_one_text_color=\u00a0\u00bb#1a3557&Prime; button_one_bg_color=\u00a0\u00bb#FFFFFF\u00a0\u00bb button_one_border_width=\u00a0\u00bb0px\u00a0\u00bb button_one_border_radius=\u00a0\u00bb10px\u00a0\u00bb button_one_font=\u00a0\u00bb||||||||\u00a0\u00bb button_one_custom_margin=\u00a0\u00bb|||25%|false|false\u00a0\u00bb custom_button_two=\u00a0\u00bbon\u00a0\u00bb button_two_text_color=\u00a0\u00bb#1a3557&Prime; button_two_bg_color=\u00a0\u00bb#FFFFFF\u00a0\u00bb button_two_border_width=\u00a0\u00bb0px\u00a0\u00bb button_two_border_radius=\u00a0\u00bb10px\u00a0\u00bb button_two_custom_margin=\u00a0\u00bb||||false|false\u00a0\u00bb global_colors_info=\u00a0\u00bb{}\u00a0\u00bb][\/et_pb_fullwidth_header][\/et_pb_section][et_pb_section fb_built=\u00a0\u00bb1&Prime; disabled_on=\u00a0\u00bboff|off|on\u00a0\u00bb _builder_version=\u00a0\u00bb4.21.0&Prime; _module_preset=\u00a0\u00bbdefault\u00a0\u00bb custom_padding=\u00a0\u00bb0px||0px|||\u00a0\u00bb global_colors_info=\u00a0\u00bb{}\u00a0\u00bb][et_pb_row _builder_version=\u00a0\u00bb4.21.0&Prime; _module_preset=\u00a0\u00bbdefault\u00a0\u00bb width=\u00a0\u00bb100%\u00a0\u00bb max_width=\u00a0\u00bb1500px\u00a0\u00bb custom_margin_tablet=\u00a0\u00bb\u00a0\u00bb custom_margin_phone=\u00a0\u00bb\u00a0\u00bb custom_margin_last_edited=\u00a0\u00bbon|desktop\u00a0\u00bb custom_padding=\u00a0\u00bb0px||0px|||\u00a0\u00bb global_colors_info=\u00a0\u00bb{}\u00a0\u00bb][et_pb_column type=\u00a0\u00bb4_4&Prime; _builder_version=\u00a0\u00bb4.21.0&Prime; _module_preset=\u00a0\u00bbdefault\u00a0\u00bb global_colors_info=\u00a0\u00bb{}\u00a0\u00bb][et_pb_cta title=\u00a0\u00bbR\u00e9servez votre bateau\u00a0\u00bb _builder_version=\u00a0\u00bb4.21.0&Prime; _module_preset=\u00a0\u00bbdefault\u00a0\u00bb body_font=\u00a0\u00bb|||on|||||\u00a0\u00bb background_color=\u00a0\u00bbrgba(26,53,87,0.5)\u00a0\u00bb background_image=\u00a0\u00bbhttps:\/\/onboatsrental.com\/wp-content\/uploads\/2023\/05\/reserva.jpg\u00a0\u00bb background_blend=\u00a0\u00bbmultiply\u00a0\u00bb min_height=\u00a0\u00bb250px\u00a0\u00bb global_colors_info=\u00a0\u00bb{}\u00a0\u00bb]\n<p><span class=\"et_pb_fullwidth_header_subhead et-fb-editable-element et-fb-editable-element__editing\" data-shortcode-id=\"0.0-1685436835288\" data-quickaccess-id=\"subhead\" contenteditable=\"true\">VOUS \u00caTES MAINTENANT PLUS PR\u00c8S D&rsquo;UNE JOURN\u00c9E INOUBLIABLE<\/span><\/p>\n[\/et_pb_cta][\/et_pb_column][\/et_pb_row][\/et_pb_section][et_pb_section fb_built=\u00a0\u00bb1&Prime; _builder_version=\u00a0\u00bb4.20.4&Prime; _module_preset=\u00a0\u00bbdefault\u00a0\u00bb global_colors_info=\u00a0\u00bb{}\u00a0\u00bb][et_pb_row _builder_version=\u00a0\u00bb4.20.4&Prime; _module_preset=\u00a0\u00bbdefault\u00a0\u00bb global_colors_info=\u00a0\u00bb{}\u00a0\u00bb][et_pb_column type=\u00a0\u00bb4_4&Prime; _builder_version=\u00a0\u00bb4.20.4&Prime; _module_preset=\u00a0\u00bbdefault\u00a0\u00bb global_colors_info=\u00a0\u00bb{}\u00a0\u00bb][et_pb_contact_form email=\u00a0\u00bbreservas@onboatsrental.com\u00a0\u00bb title=\u00a0\u00bbR\u00e9servez votre bateau d\u00e8s maintenant !\u00a0\u00bb success_message=\u00a0\u00bbMerci beaucoup de nous avoir contact\u00e9s ! N&rsquo;oubliez pas que votre r\u00e9servation doit \u00eatre confirm\u00e9e par notre \u00e9quipe en fonction des disponibilit\u00e9s.\u00a0\u00bb submit_button_text=\u00a0\u00bbEnvoyer\u00a0\u00bb _builder_version=\u00a0\u00bb4.21.0&Prime; _module_preset=\u00a0\u00bbdefault\u00a0\u00bb _unique_id=\u00a0\u00bb751568dc-e33a-45fd-846a-6ab42ad7d882&Prime; global_colors_info=\u00a0\u00bb{}\u00a0\u00bb][et_pb_contact_field field_id=\u00a0\u00bbNombre\u00a0\u00bb field_title=\u00a0\u00bbPr\u00e9nom\u00a0\u00bb _builder_version=\u00a0\u00bb4.21.0&Prime; global_colors_info=\u00a0\u00bb{}\u00a0\u00bb button_text_size__hover_enabled=\u00a0\u00bboff\u00a0\u00bb button_one_text_size__hover_enabled=\u00a0\u00bboff\u00a0\u00bb button_two_text_size__hover_enabled=\u00a0\u00bboff\u00a0\u00bb button_text_color__hover_enabled=\u00a0\u00bboff\u00a0\u00bb button_one_text_color__hover_enabled=\u00a0\u00bboff\u00a0\u00bb button_two_text_color__hover_enabled=\u00a0\u00bboff\u00a0\u00bb button_border_width__hover_enabled=\u00a0\u00bboff\u00a0\u00bb button_one_border_width__hover_enabled=\u00a0\u00bboff\u00a0\u00bb button_two_border_width__hover_enabled=\u00a0\u00bboff\u00a0\u00bb button_border_color__hover_enabled=\u00a0\u00bboff\u00a0\u00bb button_one_border_color__hover_enabled=\u00a0\u00bboff\u00a0\u00bb button_two_border_color__hover_enabled=\u00a0\u00bboff\u00a0\u00bb button_border_radius__hover_enabled=\u00a0\u00bboff\u00a0\u00bb button_one_border_radius__hover_enabled=\u00a0\u00bboff\u00a0\u00bb button_two_border_radius__hover_enabled=\u00a0\u00bboff\u00a0\u00bb button_letter_spacing__hover_enabled=\u00a0\u00bboff\u00a0\u00bb button_one_letter_spacing__hover_enabled=\u00a0\u00bboff\u00a0\u00bb button_two_letter_spacing__hover_enabled=\u00a0\u00bboff\u00a0\u00bb button_bg_color__hover_enabled=\u00a0\u00bboff\u00a0\u00bb button_one_bg_color__hover_enabled=\u00a0\u00bboff\u00a0\u00bb button_two_bg_color__hover_enabled=\u00a0\u00bboff\u00a0\u00bb][\/et_pb_contact_field][et_pb_contact_field field_id=\u00a0\u00bbEmail\u00a0\u00bb field_title=\u00a0\u00bbcourrier \u00e9lectronique\u00a0\u00bb field_type=\u00a0\u00bbemail\u00a0\u00bb _builder_version=\u00a0\u00bb4.21.0&Prime; global_colors_info=\u00a0\u00bb{}\u00a0\u00bb button_text_size__hover_enabled=\u00a0\u00bboff\u00a0\u00bb button_one_text_size__hover_enabled=\u00a0\u00bboff\u00a0\u00bb button_two_text_size__hover_enabled=\u00a0\u00bboff\u00a0\u00bb button_text_color__hover_enabled=\u00a0\u00bboff\u00a0\u00bb button_one_text_color__hover_enabled=\u00a0\u00bboff\u00a0\u00bb button_two_text_color__hover_enabled=\u00a0\u00bboff\u00a0\u00bb button_border_width__hover_enabled=\u00a0\u00bboff\u00a0\u00bb button_one_border_width__hover_enabled=\u00a0\u00bboff\u00a0\u00bb button_two_border_width__hover_enabled=\u00a0\u00bboff\u00a0\u00bb button_border_color__hover_enabled=\u00a0\u00bboff\u00a0\u00bb button_one_border_color__hover_enabled=\u00a0\u00bboff\u00a0\u00bb button_two_border_color__hover_enabled=\u00a0\u00bboff\u00a0\u00bb button_border_radius__hover_enabled=\u00a0\u00bboff\u00a0\u00bb button_one_border_radius__hover_enabled=\u00a0\u00bboff\u00a0\u00bb button_two_border_radius__hover_enabled=\u00a0\u00bboff\u00a0\u00bb button_letter_spacing__hover_enabled=\u00a0\u00bboff\u00a0\u00bb button_one_letter_spacing__hover_enabled=\u00a0\u00bboff\u00a0\u00bb button_two_letter_spacing__hover_enabled=\u00a0\u00bboff\u00a0\u00bb button_bg_color__hover_enabled=\u00a0\u00bboff\u00a0\u00bb button_one_bg_color__hover_enabled=\u00a0\u00bboff\u00a0\u00bb button_two_bg_color__hover_enabled=\u00a0\u00bboff\u00a0\u00bb][\/et_pb_contact_field][et_pb_contact_field field_id=\u00a0\u00bbTel\u00e9fono\u00a0\u00bb field_title=\u00a0\u00bbT\u00e9l\u00e9phone\u00a0\u00bb allowed_symbols=\u00a0\u00bbnumbers\u00a0\u00bb _builder_version=\u00a0\u00bb4.21.0&Prime; _module_preset=\u00a0\u00bbdefault\u00a0\u00bb global_colors_info=\u00a0\u00bb{}\u00a0\u00bb][\/et_pb_contact_field][et_pb_contact_field field_id=\u00a0\u00bbDocumento_de_identidad\u00a0\u00bb field_title=\u00a0\u00bbCarte d&rsquo;identit\u00e9\u00a0\u00bb _builder_version=\u00a0\u00bb4.21.0&Prime; _module_preset=\u00a0\u00bbdefault\u00a0\u00bb global_colors_info=\u00a0\u00bb{}\u00a0\u00bb][\/et_pb_contact_field][et_pb_contact_field field_id=\u00a0\u00bbDireccion\u00a0\u00bb field_title=\u00a0\u00bbAdresse\u00a0\u00bb fullwidth_field=\u00a0\u00bbon\u00a0\u00bb _builder_version=\u00a0\u00bb4.21.0&Prime; _module_preset=\u00a0\u00bbdefault\u00a0\u00bb global_colors_info=\u00a0\u00bb{}\u00a0\u00bb][\/et_pb_contact_field][et_pb_contact_field field_id=\u00a0\u00bbPoblaci\u00f3n\u00a0\u00bb field_title=\u00a0\u00bbVille\u00a0\u00bb _builder_version=\u00a0\u00bb4.21.0&Prime; _module_preset=\u00a0\u00bbdefault\u00a0\u00bb global_colors_info=\u00a0\u00bb{}\u00a0\u00bb][\/et_pb_contact_field][et_pb_contact_field field_id=\u00a0\u00bbC\u00f3digo_Postal\u00a0\u00bb field_title=\u00a0\u00bbCode postal\u00a0\u00bb allowed_symbols=\u00a0\u00bbnumbers\u00a0\u00bb _builder_version=\u00a0\u00bb4.21.0&Prime; _module_preset=\u00a0\u00bbdefault\u00a0\u00bb global_colors_info=\u00a0\u00bb{}\u00a0\u00bb][\/et_pb_contact_field][et_pb_contact_field field_id=\u00a0\u00bb\u00bfEn_qu\u00e9_embarcaci\u00f3n_est\u00e1s_interesado?\u00a0\u00bb field_title=\u00a0\u00bbQuel bateau vous int\u00e9resse ?\u00a0\u00bb field_type=\u00a0\u00bbselect\u00a0\u00bb select_options=\u00a0\u00bb%91{%22value%22:%22Jeanneau Cap camarat 470%22,%22checked%22:0,%22dragID%22:-1},{%22value%22:%22Quicksilver 455 activ%22,%22checked%22:0,%22dragID%22:0},{%22value%22:%22Sacs s680%22,%22checked%22:0,%22dragID%22:1},{%22value%22:%22White Shark 225%22,%22checked%22:0,%22dragID%22:2}%93&Prime; fullwidth_field=\u00a0\u00bbon\u00a0\u00bb _builder_version=\u00a0\u00bb4.21.0&Prime; _module_preset=\u00a0\u00bbdefault\u00a0\u00bb global_colors_info=\u00a0\u00bb{}\u00a0\u00bb][\/et_pb_contact_field][et_pb_contact_field field_id=\u00a0\u00bb\u00bfPara_que_fecha_tienes_pensado_alquilar_tu_embarcaci\u00f3n?\u00a0\u00bb field_title=\u00a0\u00bbPour quelle date comptez-vous louer votre bateau ?\u00a0\u00bb allowed_symbols=\u00a0\u00bbnumbers\u00a0\u00bb _builder_version=\u00a0\u00bb4.21.0&Prime; _module_preset=\u00a0\u00bbdefault\u00a0\u00bb global_colors_info=\u00a0\u00bb{}\u00a0\u00bb][\/et_pb_contact_field][et_pb_contact_field field_id=\u00a0\u00bb\u00bfCuanto_tiempo_quieres_alquilar_la_embarcaci\u00f3n?\u00a0\u00bb field_title=\u00a0\u00bbCombien de temps souhaitez-vous louer le bateau ?\u00a0\u00bb field_type=\u00a0\u00bbselect\u00a0\u00bb select_options=\u00a0\u00bb%91{%22value%22:%224 horas%22,%22checked%22:0,%22dragID%22:-1},{%22value%22:%228 horas%22,%22checked%22:0,%22dragID%22:0},{%22value%22:%221 semana%22,%22checked%22:0,%22dragID%22:1}%93&Prime; _builder_version=\u00a0\u00bb4.21.0&Prime; _module_preset=\u00a0\u00bbdefault\u00a0\u00bb global_colors_info=\u00a0\u00bb{}\u00a0\u00bb][\/et_pb_contact_field][et_pb_contact_field field_id=\u00a0\u00bbComentarios_adicionales\u00a0\u00bb field_title=\u00a0\u00bbCommentaires additionnels\u00a0\u00bb field_type=\u00a0\u00bbtext\u00a0\u00bb fullwidth_field=\u00a0\u00bbon\u00a0\u00bb _builder_version=\u00a0\u00bb4.21.0&Prime; global_colors_info=\u00a0\u00bb{}\u00a0\u00bb button_text_size__hover_enabled=\u00a0\u00bboff\u00a0\u00bb button_one_text_size__hover_enabled=\u00a0\u00bboff\u00a0\u00bb button_two_text_size__hover_enabled=\u00a0\u00bboff\u00a0\u00bb button_text_color__hover_enabled=\u00a0\u00bboff\u00a0\u00bb button_one_text_color__hover_enabled=\u00a0\u00bboff\u00a0\u00bb button_two_text_color__hover_enabled=\u00a0\u00bboff\u00a0\u00bb button_border_width__hover_enabled=\u00a0\u00bboff\u00a0\u00bb button_one_border_width__hover_enabled=\u00a0\u00bboff\u00a0\u00bb button_two_border_width__hover_enabled=\u00a0\u00bboff\u00a0\u00bb button_border_color__hover_enabled=\u00a0\u00bboff\u00a0\u00bb button_one_border_color__hover_enabled=\u00a0\u00bboff\u00a0\u00bb button_two_border_color__hover_enabled=\u00a0\u00bboff\u00a0\u00bb button_border_radius__hover_enabled=\u00a0\u00bboff\u00a0\u00bb button_one_border_radius__hover_enabled=\u00a0\u00bboff\u00a0\u00bb button_two_border_radius__hover_enabled=\u00a0\u00bboff\u00a0\u00bb button_letter_spacing__hover_enabled=\u00a0\u00bboff\u00a0\u00bb button_one_letter_spacing__hover_enabled=\u00a0\u00bboff\u00a0\u00bb button_two_letter_spacing__hover_enabled=\u00a0\u00bboff\u00a0\u00bb button_bg_color__hover_enabled=\u00a0\u00bboff\u00a0\u00bb button_one_bg_color__hover_enabled=\u00a0\u00bboff\u00a0\u00bb button_two_bg_color__hover_enabled=\u00a0\u00bboff\u00a0\u00bb][\/et_pb_contact_field][\/et_pb_contact_form][\/et_pb_column][\/et_pb_row][\/et_pb_section]\n","protected":false},"excerpt":{"rendered":"<p>VOUS \u00caTES MAINTENANT PLUS PR\u00c8S D&rsquo;UNE JOURN\u00c9E INOUBLIABLE<\/p>\n","protected":false},"author":1,"featured_media":0,"parent":0,"menu_order":0,"comment_status":"closed","ping_status":"closed","template":"","meta":{"_et_pb_use_builder":"on","_et_pb_old_content":"","_et_gb_content_width":"","footnotes":""},"class_list":["post-825","page","type-page","status-publish","hentry"],"yoast_head":"<!-- This site is optimized with the Yoast SEO plugin v27.3 - https:\/\/yoast.com\/product\/yoast-seo-wordpress\/ -->\n<title>R\u00e9servez votre bateau | OnBoats Rental<\/title>\n<meta name=\"description\" content=\"N&#039;attendez plus et r\u00e9servez votre bateau ! Chez OnBoats Rental, nous vous proposons une large flotte de bateaux pour loger.\" \/>\n<meta name=\"robots\" content=\"index, follow, max-snippet:-1, max-image-preview:large, max-video-preview:-1\" \/>\n<link rel=\"canonical\" href=\"https:\/\/onboatsrental.com\/reserva-tu-embarcacion\/\" \/>\n<meta property=\"og:locale\" content=\"fr_FR\" \/>\n<meta property=\"og:type\" content=\"article\" \/>\n<meta property=\"og:title\" content=\"R\u00e9servez votre bateau | OnBoats Rental\" \/>\n<meta property=\"og:description\" content=\"N&#039;attendez plus et r\u00e9servez votre bateau ! Chez OnBoats Rental, nous vous proposons une large flotte de bateaux pour loger.\" \/>\n<meta property=\"og:url\" content=\"https:\/\/onboatsrental.com\/reserva-tu-embarcacion\/\" \/>\n<meta property=\"og:site_name\" content=\"Alquiler de Embarcaciones | OnBoats Rental | L&#039;Ametlla de Mar | Catalunya\" \/>\n<meta property=\"article:modified_time\" content=\"2026-03-25T08:47:27+00:00\" \/>\n<meta property=\"og:image\" content=\"https:\/\/onboatsrental.com\/wp-content\/uploads\/2023\/11\/estilo-vida-scaled.jpg\" \/>\n\t<meta property=\"og:image:width\" content=\"2560\" \/>\n\t<meta property=\"og:image:height\" content=\"1707\" \/>\n\t<meta property=\"og:image:type\" content=\"image\/jpeg\" \/>\n<meta name=\"twitter:label1\" content=\"Dur\u00e9e de lecture estim\u00e9e\" \/>\n\t<meta name=\"twitter:data1\" content=\"3 minutes\" \/>\n<script type=\"application\/ld+json\" class=\"yoast-schema-graph\">{\"@context\":\"https:\\\/\\\/schema.org\",\"@graph\":[{\"@type\":\"WebPage\",\"@id\":\"https:\\\/\\\/onboatsrental.com\\\/reserva-tu-embarcacion\\\/\",\"url\":\"https:\\\/\\\/onboatsrental.com\\\/reserva-tu-embarcacion\\\/\",\"name\":\"R\u00e9servez votre bateau | OnBoats Rental\",\"isPartOf\":{\"@id\":\"https:\\\/\\\/onboatsrental.com\\\/#website\"},\"datePublished\":\"2023-04-28T10:33:00+00:00\",\"dateModified\":\"2026-03-25T08:47:27+00:00\",\"description\":\"N'attendez plus et r\u00e9servez votre bateau ! Chez OnBoats Rental, nous vous proposons une large flotte de bateaux pour loger.\",\"breadcrumb\":{\"@id\":\"https:\\\/\\\/onboatsrental.com\\\/reserva-tu-embarcacion\\\/#breadcrumb\"},\"inLanguage\":\"fr-FR\",\"potentialAction\":[{\"@type\":\"ReadAction\",\"target\":[\"https:\\\/\\\/onboatsrental.com\\\/reserva-tu-embarcacion\\\/\"]}]},{\"@type\":\"BreadcrumbList\",\"@id\":\"https:\\\/\\\/onboatsrental.com\\\/reserva-tu-embarcacion\\\/#breadcrumb\",\"itemListElement\":[{\"@type\":\"ListItem\",\"position\":1,\"name\":\"Portada\",\"item\":\"https:\\\/\\\/onboatsrental.com\\\/\"},{\"@type\":\"ListItem\",\"position\":2,\"name\":\"R\u00c9SERVEZ VOTRE BATEAU\"}]},{\"@type\":\"WebSite\",\"@id\":\"https:\\\/\\\/onboatsrental.com\\\/#website\",\"url\":\"https:\\\/\\\/onboatsrental.com\\\/\",\"name\":\"Alquiler de Embarcaciones | OnBoats Rental | L'Ametlla de Mar | Catalunya\",\"description\":\"OnBoats Rental, alquiler de embarcaciones, con y sin titulaci\u00f3n. Ch\u00e1rter de pesca y excursiones n\u00e1uticas. Estamos en el puerto de L&#039;Ametlla de Mar, Tarragona, Catalunya\",\"publisher\":{\"@id\":\"https:\\\/\\\/onboatsrental.com\\\/#organization\"},\"alternateName\":\"OnBoats Rental\",\"potentialAction\":[{\"@type\":\"SearchAction\",\"target\":{\"@type\":\"EntryPoint\",\"urlTemplate\":\"https:\\\/\\\/onboatsrental.com\\\/?s={search_term_string}\"},\"query-input\":{\"@type\":\"PropertyValueSpecification\",\"valueRequired\":true,\"valueName\":\"search_term_string\"}}],\"inLanguage\":\"fr-FR\"},{\"@type\":\"Organization\",\"@id\":\"https:\\\/\\\/onboatsrental.com\\\/#organization\",\"name\":\"Alquiler de Embarcaciones | OnBoats Rental | L'Ametlla de Mar | Catalunya\",\"url\":\"https:\\\/\\\/onboatsrental.com\\\/\",\"logo\":{\"@type\":\"ImageObject\",\"inLanguage\":\"fr-FR\",\"@id\":\"https:\\\/\\\/onboatsrental.com\\\/#\\\/schema\\\/logo\\\/image\\\/\",\"url\":\"https:\\\/\\\/onboatsrental.com\\\/wp-content\\\/uploads\\\/2024\\\/06\\\/logo_Onboats.png\",\"contentUrl\":\"https:\\\/\\\/onboatsrental.com\\\/wp-content\\\/uploads\\\/2024\\\/06\\\/logo_Onboats.png\",\"width\":344,\"height\":290,\"caption\":\"Alquiler de Embarcaciones | OnBoats Rental | L'Ametlla de Mar | Catalunya\"},\"image\":{\"@id\":\"https:\\\/\\\/onboatsrental.com\\\/#\\\/schema\\\/logo\\\/image\\\/\"}}]}<\/script>\n<!-- \/ Yoast SEO plugin. -->","yoast_head_json":{"title":"R\u00e9servez votre bateau | OnBoats Rental","description":"N'attendez plus et r\u00e9servez votre bateau ! Chez OnBoats Rental, nous vous proposons une large flotte de bateaux pour loger.","robots":{"index":"index","follow":"follow","max-snippet":"max-snippet:-1","max-image-preview":"max-image-preview:large","max-video-preview":"max-video-preview:-1"},"canonical":"https:\/\/onboatsrental.com\/reserva-tu-embarcacion\/","og_locale":"fr_FR","og_type":"article","og_title":"R\u00e9servez votre bateau | OnBoats Rental","og_description":"N'attendez plus et r\u00e9servez votre bateau ! Chez OnBoats Rental, nous vous proposons une large flotte de bateaux pour loger.","og_url":"https:\/\/onboatsrental.com\/reserva-tu-embarcacion\/","og_site_name":"Alquiler de Embarcaciones | OnBoats Rental | L&#039;Ametlla de Mar | Catalunya","article_modified_time":"2026-03-25T08:47:27+00:00","og_image":[{"width":2560,"height":1707,"url":"https:\/\/onboatsrental.com\/wp-content\/uploads\/2023\/11\/estilo-vida-scaled.jpg","type":"image\/jpeg"}],"twitter_misc":{"Dur\u00e9e de lecture estim\u00e9e":"3 minutes"},"schema":{"@context":"https:\/\/schema.org","@graph":[{"@type":"WebPage","@id":"https:\/\/onboatsrental.com\/reserva-tu-embarcacion\/","url":"https:\/\/onboatsrental.com\/reserva-tu-embarcacion\/","name":"R\u00e9servez votre bateau | OnBoats Rental","isPartOf":{"@id":"https:\/\/onboatsrental.com\/#website"},"datePublished":"2023-04-28T10:33:00+00:00","dateModified":"2026-03-25T08:47:27+00:00","description":"N'attendez plus et r\u00e9servez votre bateau ! Chez OnBoats Rental, nous vous proposons une large flotte de bateaux pour loger.","breadcrumb":{"@id":"https:\/\/onboatsrental.com\/reserva-tu-embarcacion\/#breadcrumb"},"inLanguage":"fr-FR","potentialAction":[{"@type":"ReadAction","target":["https:\/\/onboatsrental.com\/reserva-tu-embarcacion\/"]}]},{"@type":"BreadcrumbList","@id":"https:\/\/onboatsrental.com\/reserva-tu-embarcacion\/#breadcrumb","itemListElement":[{"@type":"ListItem","position":1,"name":"Portada","item":"https:\/\/onboatsrental.com\/"},{"@type":"ListItem","position":2,"name":"R\u00c9SERVEZ VOTRE BATEAU"}]},{"@type":"WebSite","@id":"https:\/\/onboatsrental.com\/#website","url":"https:\/\/onboatsrental.com\/","name":"Alquiler de Embarcaciones | OnBoats Rental | L'Ametlla de Mar | Catalunya","description":"OnBoats Rental, alquiler de embarcaciones, con y sin titulaci\u00f3n. Ch\u00e1rter de pesca y excursiones n\u00e1uticas. Estamos en el puerto de L&#039;Ametlla de Mar, Tarragona, Catalunya","publisher":{"@id":"https:\/\/onboatsrental.com\/#organization"},"alternateName":"OnBoats Rental","potentialAction":[{"@type":"SearchAction","target":{"@type":"EntryPoint","urlTemplate":"https:\/\/onboatsrental.com\/?s={search_term_string}"},"query-input":{"@type":"PropertyValueSpecification","valueRequired":true,"valueName":"search_term_string"}}],"inLanguage":"fr-FR"},{"@type":"Organization","@id":"https:\/\/onboatsrental.com\/#organization","name":"Alquiler de Embarcaciones | OnBoats Rental | L'Ametlla de Mar | Catalunya","url":"https:\/\/onboatsrental.com\/","logo":{"@type":"ImageObject","inLanguage":"fr-FR","@id":"https:\/\/onboatsrental.com\/#\/schema\/logo\/image\/","url":"https:\/\/onboatsrental.com\/wp-content\/uploads\/2024\/06\/logo_Onboats.png","contentUrl":"https:\/\/onboatsrental.com\/wp-content\/uploads\/2024\/06\/logo_Onboats.png","width":344,"height":290,"caption":"Alquiler de Embarcaciones | OnBoats Rental | L'Ametlla de Mar | Catalunya"},"image":{"@id":"https:\/\/onboatsrental.com\/#\/schema\/logo\/image\/"}}]}},"_links":{"self":[{"href":"https:\/\/onboatsrental.com\/fr\/wp-json\/wp\/v2\/pages\/825","targetHints":{"allow":["GET"]}}],"collection":[{"href":"https:\/\/onboatsrental.com\/fr\/wp-json\/wp\/v2\/pages"}],"about":[{"href":"https:\/\/onboatsrental.com\/fr\/wp-json\/wp\/v2\/types\/page"}],"author":[{"embeddable":true,"href":"https:\/\/onboatsrental.com\/fr\/wp-json\/wp\/v2\/users\/1"}],"replies":[{"embeddable":true,"href":"https:\/\/onboatsrental.com\/fr\/wp-json\/wp\/v2\/comments?post=825"}],"version-history":[{"count":5,"href":"https:\/\/onboatsrental.com\/fr\/wp-json\/wp\/v2\/pages\/825\/revisions"}],"predecessor-version":[{"id":3059,"href":"https:\/\/onboatsrental.com\/fr\/wp-json\/wp\/v2\/pages\/825\/revisions\/3059"}],"wp:attachment":[{"href":"https:\/\/onboatsrental.com\/fr\/wp-json\/wp\/v2\/media?parent=825"}],"curies":[{"name":"wp","href":"https:\/\/api.w.org\/{rel}","templated":true}]}}