{"id":817,"date":"2023-04-26T18:02:35","date_gmt":"2023-04-26T18:02:35","guid":{"rendered":"https:\/\/onboatsrental.com\/onboats-rental\/"},"modified":"2026-03-25T08:25:15","modified_gmt":"2026-03-25T08:25:15","slug":"qui-sommes-nous","status":"publish","type":"page","link":"https:\/\/onboatsrental.com\/fr\/qui-sommes-nous\/","title":{"rendered":"QUI SOMMES NOUS"},"content":{"rendered":"[et_pb_section fb_built=\u00a0\u00bb1&Prime; fullwidth=\u00a0\u00bbon\u00a0\u00bb disabled_on=\u00a0\u00bbon|on|off\u00a0\u00bb _builder_version=\u00a0\u00bb4.21.0&Prime; _module_preset=\u00a0\u00bbdefault\u00a0\u00bb bottom_divider_color=\u00a0\u00bb#FFFFFF\u00a0\u00bb global_colors_info=\u00a0\u00bb{}\u00a0\u00bb][et_pb_fullwidth_header title=\u00a0\u00bbQui sommes nous\u00a0\u00bb subhead=\u00a0\u00bbUNE VIE ENTI\u00c8RE D\u00c9DI\u00c9E \u00c0 LA MER\u00a0\u00bb header_fullscreen=\u00a0\u00bbon\u00a0\u00bb header_scroll_down=\u00a0\u00bbon\u00a0\u00bb button_one_url=\u00a0\u00bbhttps:\/\/onboatsrental.com\/flota\/\u00a0\u00bb button_two_url=\u00a0\u00bbhttps:\/\/onboatsrental.com\/contacto\/\u00a0\u00bb background_overlay_color=\u00a0\u00bbrgba(26,53,87,0.5)\u00a0\u00bb button_two_text_last_edited=\u00a0\u00bboff|desktop\u00a0\u00bb _builder_version=\u00a0\u00bb4.21.0&Prime; _module_preset=\u00a0\u00bbdefault\u00a0\u00bb title_text_align=\u00a0\u00bbcenter\u00a0\u00bb title_font_size=\u00a0\u00bb40px\u00a0\u00bb subhead_font=\u00a0\u00bb|||on|||||\u00a0\u00bb subhead_text_align=\u00a0\u00bbcenter\u00a0\u00bb subhead_font_size=\u00a0\u00bb21px\u00a0\u00bb background_image=\u00a0\u00bbhttps:\/\/onboatsrental.com\/wp-content\/uploads\/2023\/05\/DJI_0139.jpg\u00a0\u00bb background_position=\u00a0\u00bbtop_center\u00a0\u00bb background_enable_video_mp4=\u00a0\u00bboff\u00a0\u00bb custom_button_one=\u00a0\u00bbon\u00a0\u00bb button_one_text_color=\u00a0\u00bb#1a3557&Prime; button_one_bg_color=\u00a0\u00bb#FFFFFF\u00a0\u00bb button_one_border_width=\u00a0\u00bb0px\u00a0\u00bb button_one_border_radius=\u00a0\u00bb10px\u00a0\u00bb button_one_font=\u00a0\u00bb||||||||\u00a0\u00bb button_one_custom_margin=\u00a0\u00bb|||25%|false|false\u00a0\u00bb custom_button_two=\u00a0\u00bbon\u00a0\u00bb button_two_text_color=\u00a0\u00bb#1a3557&Prime; button_two_bg_color=\u00a0\u00bb#FFFFFF\u00a0\u00bb button_two_border_width=\u00a0\u00bb0px\u00a0\u00bb button_two_border_radius=\u00a0\u00bb10px\u00a0\u00bb button_two_custom_margin=\u00a0\u00bb||||false|false\u00a0\u00bb global_colors_info=\u00a0\u00bb{}\u00a0\u00bb][\/et_pb_fullwidth_header][\/et_pb_section][et_pb_section fb_built=\u00a0\u00bb1&Prime; disabled_on=\u00a0\u00bboff|off|on\u00a0\u00bb _builder_version=\u00a0\u00bb4.21.0&Prime; _module_preset=\u00a0\u00bbdefault\u00a0\u00bb custom_padding=\u00a0\u00bb0px||0px|||\u00a0\u00bb global_colors_info=\u00a0\u00bb{}\u00a0\u00bb][et_pb_row _builder_version=\u00a0\u00bb4.21.0&Prime; _module_preset=\u00a0\u00bbdefault\u00a0\u00bb width=\u00a0\u00bb100%\u00a0\u00bb max_width=\u00a0\u00bb1500px\u00a0\u00bb custom_margin_tablet=\u00a0\u00bb\u00a0\u00bb custom_margin_phone=\u00a0\u00bb\u00a0\u00bb custom_margin_last_edited=\u00a0\u00bbon|desktop\u00a0\u00bb custom_padding=\u00a0\u00bb0px||0px|||\u00a0\u00bb global_colors_info=\u00a0\u00bb{}\u00a0\u00bb][et_pb_column type=\u00a0\u00bb4_4&Prime; _builder_version=\u00a0\u00bb4.21.0&Prime; _module_preset=\u00a0\u00bbdefault\u00a0\u00bb global_colors_info=\u00a0\u00bb{}\u00a0\u00bb][et_pb_cta title=\u00a0\u00bbQui sommes nous\u00a0\u00bb _builder_version=\u00a0\u00bb4.21.0&Prime; _module_preset=\u00a0\u00bbdefault\u00a0\u00bb body_font=\u00a0\u00bb|||on|||||\u00a0\u00bb background_color=\u00a0\u00bbrgba(26,53,87,0.5)\u00a0\u00bb background_image=\u00a0\u00bbhttps:\/\/onboatsrental.com\/wp-content\/uploads\/2023\/05\/DJI_0139.jpg\u00a0\u00bb background_blend=\u00a0\u00bbmultiply\u00a0\u00bb min_height=\u00a0\u00bb250px\u00a0\u00bb global_colors_info=\u00a0\u00bb{}\u00a0\u00bb]\n<p><span class=\"et_pb_fullwidth_header_subhead et-fb-editable-element et-fb-editable-element__editing\" data-shortcode-id=\"0.0-1685436835288\" data-quickaccess-id=\"subhead\" contenteditable=\"true\">UNE VIE ENTI\u00c8RE D\u00c9DI\u00c9E \u00c0 LA MER<\/span><\/p>\n[\/et_pb_cta][\/et_pb_column][\/et_pb_row][\/et_pb_section][et_pb_section fb_built=\u00a0\u00bb1&Prime; _builder_version=\u00a0\u00bb4.21.0&Prime; _module_preset=\u00a0\u00bbdefault\u00a0\u00bb background_image=\u00a0\u00bbhttps:\/\/onboatsrental.com\/wp-content\/uploads\/2023\/05\/SUD_CAT_Mesa-de-trabajo-1.png\u00a0\u00bb background_size=\u00a0\u00bbinitial\u00a0\u00bb background_position=\u00a0\u00bbtop_left\u00a0\u00bb global_colors_info=\u00a0\u00bb{}\u00a0\u00bb][et_pb_row column_structure=\u00a0\u00bb1_2,1_2&Prime; _builder_version=\u00a0\u00bb4.21.0&Prime; _module_preset=\u00a0\u00bbdefault\u00a0\u00bb global_colors_info=\u00a0\u00bb{}\u00a0\u00bb][et_pb_column type=\u00a0\u00bb1_2&Prime; _builder_version=\u00a0\u00bb4.21.0&Prime; _module_preset=\u00a0\u00bbdefault\u00a0\u00bb global_colors_info=\u00a0\u00bb{}\u00a0\u00bb][et_pb_text _builder_version=\u00a0\u00bb4.27.6&Prime; _module_preset=\u00a0\u00bbb6cb9bd8-0fbd-4699-b58d-51b3d480db23&Prime; header_2_font=\u00a0\u00bb|700|||||||\u00a0\u00bb header_2_font_size=\u00a0\u00bb48px\u00a0\u00bb header_2_line_height=\u00a0\u00bb1.2em\u00a0\u00bb custom_margin=\u00a0\u00bb||20px||false|false\u00a0\u00bb hover_enabled=\u00a0\u00bb0&Prime; header_2_font_size_tablet=\u00a0\u00bb32px\u00a0\u00bb header_2_font_size_phone=\u00a0\u00bb20px\u00a0\u00bb header_2_font_size_last_edited=\u00a0\u00bbon|desktop\u00a0\u00bb locked=\u00a0\u00bboff\u00a0\u00bb global_colors_info=\u00a0\u00bb{}\u00a0\u00bb header_2_text_color=\u00a0\u00bb#1A3557&Prime; sticky_enabled=\u00a0\u00bb0&Prime;]\n<h2>OnBoats Rental<\/h2>\n[\/et_pb_text][et_pb_text _builder_version=\u00a0\u00bb4.27.6&Prime; _module_preset=\u00a0\u00bbdefault\u00a0\u00bb hover_enabled=\u00a0\u00bb0&Prime; global_colors_info=\u00a0\u00bb{}\u00a0\u00bb text_text_color=\u00a0\u00bb#1A3557&Prime; sticky_enabled=\u00a0\u00bb0&Prime;]\n<p>Notre soci\u00e9t\u00e9 de location de bateaux commence comme une petite entreprise familiale. Amoureux de la mer et de la voile, ils commencent \u00e0 louer leurs propres bateaux \u00e0 des amis et connaissances qui partagent \u00e9galement leur passion. Au fur et \u00e0 mesure que leur entreprise grandissait, ils ont d\u00e9cid\u00e9 de se d\u00e9velopper et d&rsquo;acqu\u00e9rir plus de bateaux pour offrir une grande vari\u00e9t\u00e9 d&rsquo;options \u00e0 leurs clients. Au fil des ann\u00e9es, l&rsquo;entreprise n&rsquo;a cess\u00e9 d&rsquo;\u00e9voluer et d&rsquo;am\u00e9liorer ses services, devenant l&rsquo;une des principales soci\u00e9t\u00e9s de location de bateaux de la r\u00e9gion.<\/p>\n<p>Chez OnBoats Rental, la s\u00e9curit\u00e9, la qualit\u00e9 et la satisfaction du client sont nos principales priorit\u00e9s. Notre \u00e9quipe hautement qualifi\u00e9e et exp\u00e9riment\u00e9e s&rsquo;assure que tous nos bateaux sont en excellent \u00e9tat et sont r\u00e9guli\u00e8rement entretenus pour assurer la s\u00e9curit\u00e9 et le confort de nos clients. Nous sommes fiers d&rsquo;avoir servi des milliers de clients au fil des ans, dont beaucoup sont revenus nous louer des bateaux \u00e0 maintes reprises. Nous vous remercions de votre fid\u00e9lit\u00e9 et de votre confiance en nos services, et nous nous effor\u00e7ons de continuer \u00e0 offrir des exp\u00e9riences de navigation inoubliables \u00e0 tous nos clients.<\/p>\n<p>Merci de nous avoir choisi comme fournisseur de location de bateaux! D\u00e9couvrez tous nos services et commencez \u00e0 naviguer.<\/p>\n[\/et_pb_text][\/et_pb_column][et_pb_column type=\u00a0\u00bb1_2&Prime; _builder_version=\u00a0\u00bb4.21.0&Prime; _module_preset=\u00a0\u00bbdefault\u00a0\u00bb global_colors_info=\u00a0\u00bb{}\u00a0\u00bb][et_pb_image src=\u00a0\u00bbhttps:\/\/onboatsrental.com\/wp-content\/uploads\/2023\/04\/logo_Onboats.png\u00a0\u00bb alt=\u00a0\u00bbOnBoats Rental\u00a0\u00bb title_text=\u00a0\u00bblogo_Onboats\u00a0\u00bb align=\u00a0\u00bbcenter\u00a0\u00bb _builder_version=\u00a0\u00bb4.21.0&Prime; _module_preset=\u00a0\u00bbdefault\u00a0\u00bb width_tablet=\u00a0\u00bb\u00a0\u00bb width_phone=\u00a0\u00bb\u00a0\u00bb width_last_edited=\u00a0\u00bbon|phone\u00a0\u00bb module_alignment=\u00a0\u00bbcenter\u00a0\u00bb custom_padding=\u00a0\u00bb93px|||||\u00a0\u00bb global_colors_info=\u00a0\u00bb{}\u00a0\u00bb][\/et_pb_image][\/et_pb_column][\/et_pb_row][et_pb_row _builder_version=\u00a0\u00bb4.21.0&Prime; _module_preset=\u00a0\u00bbdefault\u00a0\u00bb global_colors_info=\u00a0\u00bb{}\u00a0\u00bb][et_pb_column type=\u00a0\u00bb4_4&Prime; _builder_version=\u00a0\u00bb4.21.0&Prime; _module_preset=\u00a0\u00bbdefault\u00a0\u00bb global_colors_info=\u00a0\u00bb{}\u00a0\u00bb][et_pb_image src=\u00a0\u00bbhttps:\/\/onboatsrental.com\/wp-content\/uploads\/2023\/05\/cartell.png\u00a0\u00bb title_text=\u00a0\u00bbcartell\u00a0\u00bb _builder_version=\u00a0\u00bb4.21.0&Prime; _module_preset=\u00a0\u00bbdefault\u00a0\u00bb global_colors_info=\u00a0\u00bb{}\u00a0\u00bb][\/et_pb_image][\/et_pb_column][\/et_pb_row][\/et_pb_section]\n","protected":false},"excerpt":{"rendered":"<p>UNE VIE ENTI\u00c8RE D\u00c9DI\u00c9E \u00c0 LA MEROnBoats RentalNotre soci\u00e9t\u00e9 de location de bateaux commence comme une petite entreprise familiale. Amoureux de la mer et de la voile, ils commencent \u00e0 louer leurs propres bateaux \u00e0 des amis et connaissances qui partagent \u00e9galement leur passion. Au fur et \u00e0 mesure que leur entreprise grandissait, ils ont [&hellip;]<\/p>\n","protected":false},"author":1,"featured_media":0,"parent":0,"menu_order":0,"comment_status":"closed","ping_status":"closed","template":"","meta":{"_et_pb_use_builder":"on","_et_pb_old_content":"","_et_gb_content_width":"","footnotes":""},"class_list":["post-817","page","type-page","status-publish","hentry"],"yoast_head":"<!-- This site is optimized with the Yoast SEO plugin v27.4 - https:\/\/yoast.com\/product\/yoast-seo-wordpress\/ -->\n<title>Qui Sommes Nous | OnBoats Rental<\/title>\n<meta name=\"description\" content=\"OnBoats Rental est une soci\u00e9t\u00e9 de location de bateaux situ\u00e9e \u00e0 L&#039;Ametlla de Mar. Decuvrez qui sommes nous.\" \/>\n<meta name=\"robots\" content=\"index, follow, max-snippet:-1, max-image-preview:large, max-video-preview:-1\" \/>\n<link rel=\"canonical\" href=\"https:\/\/onboatsrental.com\/fr\/qui-sommes-nous\/\" \/>\n<meta property=\"og:locale\" content=\"fr_FR\" \/>\n<meta property=\"og:type\" content=\"article\" \/>\n<meta property=\"og:title\" content=\"Qui Sommes Nous | OnBoats Rental\" \/>\n<meta property=\"og:description\" content=\"OnBoats Rental est une soci\u00e9t\u00e9 de location de bateaux situ\u00e9e \u00e0 L&#039;Ametlla de Mar. Decuvrez qui sommes nous.\" \/>\n<meta property=\"og:url\" content=\"https:\/\/onboatsrental.com\/fr\/qui-sommes-nous\/\" \/>\n<meta property=\"og:site_name\" content=\"Alquiler de Embarcaciones | OnBoats Rental | L&#039;Ametlla de Mar | Catalunya\" \/>\n<meta property=\"article:modified_time\" content=\"2026-03-25T08:25:15+00:00\" \/>\n<meta property=\"og:image\" content=\"https:\/\/onboatsrental.com\/wp-content\/uploads\/2023\/11\/estilo-vida-scaled.jpg\" \/>\n\t<meta property=\"og:image:width\" content=\"2560\" \/>\n\t<meta property=\"og:image:height\" content=\"1707\" \/>\n\t<meta property=\"og:image:type\" content=\"image\/jpeg\" \/>\n<meta name=\"twitter:label1\" content=\"Dur\u00e9e de lecture estim\u00e9e\" \/>\n\t<meta name=\"twitter:data1\" content=\"4 minutes\" \/>\n<script type=\"application\/ld+json\" class=\"yoast-schema-graph\">{\"@context\":\"https:\\\/\\\/schema.org\",\"@graph\":[{\"@type\":\"WebPage\",\"@id\":\"https:\\\/\\\/onboatsrental.com\\\/fr\\\/qui-sommes-nous\\\/\",\"url\":\"https:\\\/\\\/onboatsrental.com\\\/fr\\\/qui-sommes-nous\\\/\",\"name\":\"Qui Sommes Nous | OnBoats Rental\",\"isPartOf\":{\"@id\":\"https:\\\/\\\/onboatsrental.com\\\/#website\"},\"datePublished\":\"2023-04-26T18:02:35+00:00\",\"dateModified\":\"2026-03-25T08:25:15+00:00\",\"description\":\"OnBoats Rental est une soci\u00e9t\u00e9 de location de bateaux situ\u00e9e \u00e0 L'Ametlla de Mar. Decuvrez qui sommes nous.\",\"breadcrumb\":{\"@id\":\"https:\\\/\\\/onboatsrental.com\\\/fr\\\/qui-sommes-nous\\\/#breadcrumb\"},\"inLanguage\":\"fr-FR\",\"potentialAction\":[{\"@type\":\"ReadAction\",\"target\":[\"https:\\\/\\\/onboatsrental.com\\\/fr\\\/qui-sommes-nous\\\/\"]}]},{\"@type\":\"BreadcrumbList\",\"@id\":\"https:\\\/\\\/onboatsrental.com\\\/fr\\\/qui-sommes-nous\\\/#breadcrumb\",\"itemListElement\":[{\"@type\":\"ListItem\",\"position\":1,\"name\":\"Portada\",\"item\":\"https:\\\/\\\/onboatsrental.com\\\/\"},{\"@type\":\"ListItem\",\"position\":2,\"name\":\"QUI SOMMES NOUS\"}]},{\"@type\":\"WebSite\",\"@id\":\"https:\\\/\\\/onboatsrental.com\\\/#website\",\"url\":\"https:\\\/\\\/onboatsrental.com\\\/\",\"name\":\"Alquiler de Embarcaciones | OnBoats Rental | L'Ametlla de Mar | Catalunya\",\"description\":\"OnBoats Rental, alquiler de embarcaciones, con y sin titulaci\u00f3n. Ch\u00e1rter de pesca y excursiones n\u00e1uticas. Estamos en el puerto de L&#039;Ametlla de Mar, Tarragona, Catalunya\",\"publisher\":{\"@id\":\"https:\\\/\\\/onboatsrental.com\\\/#organization\"},\"alternateName\":\"OnBoats Rental\",\"potentialAction\":[{\"@type\":\"SearchAction\",\"target\":{\"@type\":\"EntryPoint\",\"urlTemplate\":\"https:\\\/\\\/onboatsrental.com\\\/?s={search_term_string}\"},\"query-input\":{\"@type\":\"PropertyValueSpecification\",\"valueRequired\":true,\"valueName\":\"search_term_string\"}}],\"inLanguage\":\"fr-FR\"},{\"@type\":\"Organization\",\"@id\":\"https:\\\/\\\/onboatsrental.com\\\/#organization\",\"name\":\"Alquiler de Embarcaciones | OnBoats Rental | L'Ametlla de Mar | Catalunya\",\"url\":\"https:\\\/\\\/onboatsrental.com\\\/\",\"logo\":{\"@type\":\"ImageObject\",\"inLanguage\":\"fr-FR\",\"@id\":\"https:\\\/\\\/onboatsrental.com\\\/#\\\/schema\\\/logo\\\/image\\\/\",\"url\":\"https:\\\/\\\/onboatsrental.com\\\/wp-content\\\/uploads\\\/2024\\\/06\\\/logo_Onboats.png\",\"contentUrl\":\"https:\\\/\\\/onboatsrental.com\\\/wp-content\\\/uploads\\\/2024\\\/06\\\/logo_Onboats.png\",\"width\":344,\"height\":290,\"caption\":\"Alquiler de Embarcaciones | OnBoats Rental | L'Ametlla de Mar | Catalunya\"},\"image\":{\"@id\":\"https:\\\/\\\/onboatsrental.com\\\/#\\\/schema\\\/logo\\\/image\\\/\"}}]}<\/script>\n<!-- \/ Yoast SEO plugin. -->","yoast_head_json":{"title":"Qui Sommes Nous | OnBoats Rental","description":"OnBoats Rental est une soci\u00e9t\u00e9 de location de bateaux situ\u00e9e \u00e0 L'Ametlla de Mar. Decuvrez qui sommes nous.","robots":{"index":"index","follow":"follow","max-snippet":"max-snippet:-1","max-image-preview":"max-image-preview:large","max-video-preview":"max-video-preview:-1"},"canonical":"https:\/\/onboatsrental.com\/fr\/qui-sommes-nous\/","og_locale":"fr_FR","og_type":"article","og_title":"Qui Sommes Nous | OnBoats Rental","og_description":"OnBoats Rental est une soci\u00e9t\u00e9 de location de bateaux situ\u00e9e \u00e0 L'Ametlla de Mar. Decuvrez qui sommes nous.","og_url":"https:\/\/onboatsrental.com\/fr\/qui-sommes-nous\/","og_site_name":"Alquiler de Embarcaciones | OnBoats Rental | L&#039;Ametlla de Mar | Catalunya","article_modified_time":"2026-03-25T08:25:15+00:00","og_image":[{"width":2560,"height":1707,"url":"https:\/\/onboatsrental.com\/wp-content\/uploads\/2023\/11\/estilo-vida-scaled.jpg","type":"image\/jpeg"}],"twitter_misc":{"Dur\u00e9e de lecture estim\u00e9e":"4 minutes"},"schema":{"@context":"https:\/\/schema.org","@graph":[{"@type":"WebPage","@id":"https:\/\/onboatsrental.com\/fr\/qui-sommes-nous\/","url":"https:\/\/onboatsrental.com\/fr\/qui-sommes-nous\/","name":"Qui Sommes Nous | OnBoats Rental","isPartOf":{"@id":"https:\/\/onboatsrental.com\/#website"},"datePublished":"2023-04-26T18:02:35+00:00","dateModified":"2026-03-25T08:25:15+00:00","description":"OnBoats Rental est une soci\u00e9t\u00e9 de location de bateaux situ\u00e9e \u00e0 L'Ametlla de Mar. Decuvrez qui sommes nous.","breadcrumb":{"@id":"https:\/\/onboatsrental.com\/fr\/qui-sommes-nous\/#breadcrumb"},"inLanguage":"fr-FR","potentialAction":[{"@type":"ReadAction","target":["https:\/\/onboatsrental.com\/fr\/qui-sommes-nous\/"]}]},{"@type":"BreadcrumbList","@id":"https:\/\/onboatsrental.com\/fr\/qui-sommes-nous\/#breadcrumb","itemListElement":[{"@type":"ListItem","position":1,"name":"Portada","item":"https:\/\/onboatsrental.com\/"},{"@type":"ListItem","position":2,"name":"QUI SOMMES NOUS"}]},{"@type":"WebSite","@id":"https:\/\/onboatsrental.com\/#website","url":"https:\/\/onboatsrental.com\/","name":"Alquiler de Embarcaciones | OnBoats Rental | L'Ametlla de Mar | Catalunya","description":"OnBoats Rental, alquiler de embarcaciones, con y sin titulaci\u00f3n. Ch\u00e1rter de pesca y excursiones n\u00e1uticas. Estamos en el puerto de L&#039;Ametlla de Mar, Tarragona, Catalunya","publisher":{"@id":"https:\/\/onboatsrental.com\/#organization"},"alternateName":"OnBoats Rental","potentialAction":[{"@type":"SearchAction","target":{"@type":"EntryPoint","urlTemplate":"https:\/\/onboatsrental.com\/?s={search_term_string}"},"query-input":{"@type":"PropertyValueSpecification","valueRequired":true,"valueName":"search_term_string"}}],"inLanguage":"fr-FR"},{"@type":"Organization","@id":"https:\/\/onboatsrental.com\/#organization","name":"Alquiler de Embarcaciones | OnBoats Rental | L'Ametlla de Mar | Catalunya","url":"https:\/\/onboatsrental.com\/","logo":{"@type":"ImageObject","inLanguage":"fr-FR","@id":"https:\/\/onboatsrental.com\/#\/schema\/logo\/image\/","url":"https:\/\/onboatsrental.com\/wp-content\/uploads\/2024\/06\/logo_Onboats.png","contentUrl":"https:\/\/onboatsrental.com\/wp-content\/uploads\/2024\/06\/logo_Onboats.png","width":344,"height":290,"caption":"Alquiler de Embarcaciones | OnBoats Rental | L'Ametlla de Mar | Catalunya"},"image":{"@id":"https:\/\/onboatsrental.com\/#\/schema\/logo\/image\/"}}]}},"_links":{"self":[{"href":"https:\/\/onboatsrental.com\/fr\/wp-json\/wp\/v2\/pages\/817","targetHints":{"allow":["GET"]}}],"collection":[{"href":"https:\/\/onboatsrental.com\/fr\/wp-json\/wp\/v2\/pages"}],"about":[{"href":"https:\/\/onboatsrental.com\/fr\/wp-json\/wp\/v2\/types\/page"}],"author":[{"embeddable":true,"href":"https:\/\/onboatsrental.com\/fr\/wp-json\/wp\/v2\/users\/1"}],"replies":[{"embeddable":true,"href":"https:\/\/onboatsrental.com\/fr\/wp-json\/wp\/v2\/comments?post=817"}],"version-history":[{"count":11,"href":"https:\/\/onboatsrental.com\/fr\/wp-json\/wp\/v2\/pages\/817\/revisions"}],"predecessor-version":[{"id":3017,"href":"https:\/\/onboatsrental.com\/fr\/wp-json\/wp\/v2\/pages\/817\/revisions\/3017"}],"wp:attachment":[{"href":"https:\/\/onboatsrental.com\/fr\/wp-json\/wp\/v2\/media?parent=817"}],"curies":[{"name":"wp","href":"https:\/\/api.w.org\/{rel}","templated":true}]}}