{"id":3113,"date":"2026-03-25T11:18:31","date_gmt":"2026-03-25T11:18:31","guid":{"rendered":"https:\/\/onboatsrental.com\/aviso-legal\/"},"modified":"2026-03-25T11:32:19","modified_gmt":"2026-03-25T11:32:19","slug":"aviso-legal","status":"publish","type":"page","link":"https:\/\/onboatsrental.com\/fr\/aviso-legal\/","title":{"rendered":"MENTIONS L\u00c9GALES"},"content":{"rendered":"<p><strong>MENTIONS L\u00c9GALES<\/strong><\/p>\n<p><strong>Coordonn\u00e9es<\/strong><\/p>\n<p>Vous visitez le site web https:\/\/onboatsrental.com\/, propri\u00e9t\u00e9 de ONBOATS RENTAL &amp; FISHING TOURS SCP, dont le si\u00e8ge social est situ\u00e9 \u00e0 AC\/ BENIDORM N9, 1r, 43860, L&rsquo;AMETLLA DE MAR, TARRAGONE, Espagne, et dont le num\u00e9ro d&rsquo;identification fiscale (NIF) est J72679079 (ci-apr\u00e8s d\u00e9nomm\u00e9 \u00ab le Titulaire \u00bb).<\/p>\n<p>L&rsquo;activit\u00e9 n&rsquo;est soumise \u00e0 aucun r\u00e9gime d&rsquo;autorisation administrative pr\u00e9alable.<\/p>\n<p>Vous pouvez contacter LE TITULAIRE par l&rsquo;un des moyens suivants :<\/p>\n<p>T\u00e9l\u00e9phone : \u202d+34 617 671 335\u202c<\/p>\n<p>Adresse e-mail : <a href=\"mailto:reservas@onboatsrental.com\">reservas@onboatsrental.com<\/a><\/p>\n<p><strong>H\u00e9bergement web<\/strong><\/p>\n<p>Vous \u00eates ici : Accueil &gt; Annuaire des entreprises par activit\u00e9 CNAE | Annuaire des entreprises par province &gt; Informations g\u00e9n\u00e9rales sur IONOS CLOUD SL. IONOS CLOUD SL<\/p>\n<p>AVENIDA DE LA VEGA (EDIF. VEGANOVA), 1 \u2013 EDIF. 3, 5e \u00c9TAGE, PORTE<\/p>\n<p>T\u00e9l\u00e9phone : 902585111<\/p>\n<p>E-mail de contact : soporte@ionos.es<\/p>\n<p><strong>Utilisateurs<\/strong><\/p>\n<p>Les pr\u00e9sentes conditions (ci-apr\u00e8s d\u00e9nomm\u00e9es \u00ab Mentions l\u00e9gales \u00bb) ont pour objet de r\u00e9gir l&rsquo;utilisation du site web du TITULAIRE mis \u00e0 la disposition du public.<\/p>\n<p>L&rsquo;acc\u00e8s et\/ou l&rsquo;utilisation de ce site web du TITULAIRE conf\u00e8re la qualit\u00e9 d&rsquo;UTILISATEUR, qui accepte, d\u00e8s cet acc\u00e8s et\/ou cette utilisation, les conditions g\u00e9n\u00e9rales d&rsquo;utilisation \u00e9nonc\u00e9es ici, applicables ind\u00e9pendamment des conditions g\u00e9n\u00e9rales de vente qui, le cas \u00e9ch\u00e9ant, seraient obligatoires.<\/p>\n<p><strong>Utilisation du portail<\/strong><\/p>\n<p>https:\/\/onboatsrental.com\/ donne acc\u00e8s \u00e0 une multitude d&rsquo;informations, de services, de programmes ou de donn\u00e9es (ci-apr\u00e8s d\u00e9nomm\u00e9s \u00ab les contenus \u00bb) sur Internet appartenant au TITULAIRE ou \u00e0 ses conc\u00e9dants de licence, auxquels l&rsquo;UTILISATEUR peut avoir acc\u00e8s.<\/p>\n<p>L&rsquo;UTILISATEUR assume la responsabilit\u00e9 de l&rsquo;utilisation du site web ONBOATS RENTAL &amp; FISHING TOURS SCP. Cette responsabilit\u00e9 s&rsquo;\u00e9tend \u00e0 l&rsquo;inscription n\u00e9cessaire pour acc\u00e9der \u00e0 certains services ou contenus. Lors de cette inscription, l&rsquo;UTILISATEUR est tenu de fournir des informations v\u00e9ridiques et licites. \u00c0 la suite de cette inscription, un mot de passe peut \u00eatre attribu\u00e9 \u00e0 l&rsquo;UTILISATEUR, dont il sera responsable, s&rsquo;engageant \u00e0 en faire un usage diligent et confidentiel.<\/p>\n<p>L&rsquo;UTILISATEUR s&rsquo;engage \u00e0 faire un usage appropri\u00e9 des contenus et services (par exemple, services de chat, forums de discussion ou groupes de discussion) que LE TITULAIRE propose via son site ONBOATS RENTAL &amp; FISHING TOURS SCP et, \u00e0 titre indicatif mais non limitatif, \u00e0 ne pas les utiliser pour :<\/p>\n<p>Mener des activit\u00e9s illicites, ill\u00e9gales ou contraires \u00e0 la bonne foi et \u00e0 l&rsquo;ordre public.<\/p>\n<p>Diffuser des contenus ou de la propagande \u00e0 caract\u00e8re raciste, x\u00e9nophobe, pornographique ill\u00e9gal, faisant l&rsquo;apologie du terrorisme ou portant atteinte aux droits de l&rsquo;homme.<\/p>\n<p><strong>Utilisation du portail<\/strong><\/p>\n<p>https:\/\/onboatsrental.com\/ donne acc\u00e8s \u00e0 une multitude d&rsquo;informations, de services, de programmes ou de donn\u00e9es (ci-apr\u00e8s d\u00e9nomm\u00e9s \u00ab les contenus \u00bb) sur Internet appartenant au TITULAIRE ou \u00e0 ses conc\u00e9dants de licence, auxquels l&rsquo;UTILISATEUR peut<\/p>\n<p>Tenter d&rsquo;acc\u00e9der et, le cas \u00e9ch\u00e9ant, utiliser les comptes de messagerie \u00e9lectronique d&rsquo;autres utilisateurs et modifier ou manipuler leurs messages.<\/p>\n<p>Utiliser le site web ou les informations qu&rsquo;il contient \u00e0 des fins commerciales, politiques, publicitaires et pour tout usage commercial, en particulier l&rsquo;envoi de courriers \u00e9lectroniques non sollicit\u00e9s.<\/p>\n<p>LE TITULAIRE se r\u00e9serve le droit de supprimer tous les commentaires et contributions qui portent atteinte au respect de la dignit\u00e9 de la personne, qui sont discriminatoires, x\u00e9nophobes, racistes, pornographiques, qui portent atteinte \u00e0 la jeunesse ou \u00e0 l&rsquo;enfance, \u00e0 l&rsquo;ordre ou \u00e0 la s\u00e9curit\u00e9 publique ou qui, \u00e0 son avis, ne sont pas adapt\u00e9s \u00e0 la publication. Les forums, chats ou autres outils de participation.<\/p>\n<p><strong>Protection des donn\u00e9es<\/strong><\/p>\n<p>Tout ce qui concerne la politique de protection des donn\u00e9es est repris dans le document relatif \u00e0 la politique de confidentialit\u00e9.<\/p>\n<p>Contenus. Propri\u00e9t\u00e9 intellectuelle et industrielle<\/p>\n<p>LE TITULAIRE est titulaire de tous les droits de propri\u00e9t\u00e9 intellectuelle et industrielle de son site web, ainsi que des \u00e9l\u00e9ments qui y sont contenus (\u00e0 titre indicatif : images, photographies, son, audio, vid\u00e9o, logiciels ou textes ; marques ou logos, combinaisons de couleurs, structure et conception, s\u00e9lection des mat\u00e9riaux utilis\u00e9s (y compris les logiciels n\u00e9cessaires \u00e0 son fonctionnement, \u00e0 son acc\u00e8s et \u00e0 son utilisation, etc.).<\/p>\n<p>Tous droits r\u00e9serv\u00e9s. En vertu des dispositions des articles 8 et 32.1, deuxi\u00e8me alin\u00e9a, de la loi sur la propri\u00e9t\u00e9 intellectuelle, la reproduction, la distribution et la communication publique, y compris la mise \u00e0 disposition, de tout ou partie du contenu de ce site web, \u00e0 des fins commerciales, sur tout support et par tout moyen technique, sont express\u00e9ment interdites sans l&rsquo;autorisation du TITULAIRE.<\/p>\n<p>L&rsquo;UTILISATEUR s&rsquo;engage \u00e0 respecter les droits de propri\u00e9t\u00e9 intellectuelle et industrielle d\u00e9tenus par le TITULAIRE. Il peut visualiser les \u00e9l\u00e9ments du site ONBOATS RENTAL &amp; FISHING TOURS SCP et m\u00eame les imprimer, les copier et les stocker sur le disque dur de son ordinateur ou sur tout autre support physique, \u00e0 condition que ce soit, uniquement et exclusivement, pour son usage personnel et priv\u00e9. L&rsquo;UTILISATEUR ne pourra supprimer, alt\u00e9rer, contourner ou manipuler aucun dispositif de protection ou syst\u00e8me de s\u00e9curit\u00e9 install\u00e9 sur les pages du TITULAIRE.<\/p>\n<p>Exclusion de garanties et de responsabilit\u00e9<\/p>\n<p>L&rsquo;utilisateur reconna\u00eet que l&rsquo;utilisation du site web, de ses contenus et de ses services rel\u00e8ve de sa seule responsabilit\u00e9. En particulier, \u00e0 titre purement indicatif, LE TITULAIRE n&rsquo;assume aucune responsabilit\u00e9 dans les domaines suivants :<\/p>\n<p>a) La disponibilit\u00e9, le bon fonctionnement du site web, de ses services et de ses contenus, ainsi que leur qualit\u00e9 ou leur interop\u00e9rabilit\u00e9.<br \/>\nb) L&rsquo;ad\u00e9quation du site web aux objectifs de l&rsquo;UTILISATEUR.<br \/>\nc) La violation de la l\u00e9gislation en vigueur par l&rsquo;UTILISATEUR ou par des tiers, et notamment des droits de propri\u00e9t\u00e9 intellectuelle ou industrielle appartenant \u00e0 d&rsquo;autres personnes ou entit\u00e9s.<br \/>\nd) L&rsquo;existence de codes malveillants ou de tout autre \u00e9l\u00e9ment informatique nuisible susceptible de causer des dommages au syst\u00e8me informatique de l&rsquo;UTILISATEUR ou de tiers.<br \/>\ne) L&rsquo;acc\u00e8s frauduleux aux contenus ou services par des tiers non autoris\u00e9s, ou, le cas \u00e9ch\u00e9ant, la capture, la suppression, l&rsquo;alt\u00e9ration, la modification ou la manipulation des messages et communications de toute nature que ces tiers pourraient effectuer.<br \/>\nf) L&rsquo;exactitude, la v\u00e9racit\u00e9, l&rsquo;actualit\u00e9 et l&rsquo;utilit\u00e9 des contenus et services propos\u00e9s, ainsi que l&rsquo;utilisation ult\u00e9rieure qu&rsquo;en fait l&rsquo;UTILISATEUR, bien que tous les efforts et moyens raisonnables soient mis en \u0153uvre pour fournir des informations actualis\u00e9es et fiables.<br \/>\ng) Les dommages caus\u00e9s aux \u00e9quipements informatiques lors de l&rsquo;acc\u00e8s au site web et les dommages caus\u00e9s aux UTILISATEURS lorsqu&rsquo;ils trouvent leur origine dans des d\u00e9faillances ou des d\u00e9connexions des r\u00e9seaux de t\u00e9l\u00e9communications qui interrompent le service.<br \/>\nh) Les dommages ou pr\u00e9judices d\u00e9coulant de circonstances survenues par cas fortuit ou force majeure.<\/p>\n<p>En cas d&rsquo;existence de forums, lors de leur utilisation ou de celle d&rsquo;autres espaces similaires, il convient de garder \u00e0 l&rsquo;esprit que les messages refl\u00e8tent uniquement l&rsquo;opinion de l&rsquo;UTILISATEUR qui les publie, lequel en est le seul responsable. LE TITULAIRE d\u00e9cline toute responsabilit\u00e9 quant au contenu des messages envoy\u00e9s par l&rsquo;UTILISATEUR.<\/p>\n<p>Modification de la pr\u00e9sente mention l\u00e9gale et dur\u00e9e<\/p>\n<p>LE TITULAIRE se r\u00e9serve le droit d&rsquo;apporter sans pr\u00e9avis les modifications qu&rsquo;il juge opportunes au site web ONBOATS RENTAL &amp; FISHING TOURS SCP, pouvant modifier, supprimer ou ajouter tant les contenus et services fournis par son interm\u00e9diaire que la mani\u00e8re dont ceux-ci sont pr\u00e9sent\u00e9s ou localis\u00e9s sur le site web ONBOATS RENTAL &amp; FISHING TOURS SCP<\/p>\n<p>La validit\u00e9 des conditions mentionn\u00e9es d\u00e9pendra de leur publication et elles resteront en vigueur jusqu\u2019\u00e0 ce qu\u2019elles soient modifi\u00e9es par d\u2019autres d\u00fbment publi\u00e9es.<\/p>\n<p><strong>Liens<\/strong><\/p>\n<p>Dans le cas o\u00f9 le site https:\/\/onboatsrental.com\/ comporterait des liens ou des hyperliens vers d&rsquo;autres sites Internet, LE TITULAIRE n&rsquo;exercera aucun contr\u00f4le sur ces sites et leurs contenus. En aucun cas, LE TITULAIRE n&rsquo;assumera de responsabilit\u00e9 quant au contenu d&rsquo;un lien appartenant \u00e0 un site web tiers, ni ne garantira la disponibilit\u00e9 technique, la qualit\u00e9, la fiabilit\u00e9, l&rsquo;exactitude, l&rsquo;exhaustivit\u00e9, la v\u00e9racit\u00e9, la validit\u00e9 ou la constitutionnalit\u00e9 de tout mat\u00e9riel ou information contenus dans l&rsquo;un de ces hyperliens ou autres sites Internet. De m\u00eame, l&rsquo;inclusion de ces liens externes n&rsquo;implique aucune forme d&rsquo;association, de fusion ou de participation avec les entit\u00e9s li\u00e9es.<\/p>\n<p><strong>Droit d&rsquo;exclusion<\/strong><\/p>\n<p>LE TITULAIRE se r\u00e9serve le droit de refuser ou de retirer l&rsquo;acc\u00e8s au site web ONBOATS RENTAL &amp; FISHING TOURS SCP et\/ou aux services propos\u00e9s sans avertissement pr\u00e9alable, de sa propre initiative ou \u00e0 la demande d&rsquo;un tiers, aux utilisateurs qui ne respecteraient pas le contenu de la pr\u00e9sente mention l\u00e9gale.<\/p>\n<p><strong>G\u00e9n\u00e9ralit\u00e9s<\/strong><\/p>\n<p>LE TITULAIRE poursuivra tout manquement aux pr\u00e9sentes conditions, ainsi que toute utilisation abusive du site web ONBOATS RENTAL &amp; FISHING TOURS SCP, en exer\u00e7ant toutes les actions civiles et p\u00e9nales qui lui reviennent en droit.<\/p>\n<p><strong>L\u00e9gislation applicable et juridiction comp\u00e9tente<\/strong><\/p>\n<p>La relation entre LE TITULAIRE et l&rsquo;UTILISATEUR est r\u00e9gie par la l\u00e9gislation espagnole en vigueur. Tout litige ou r\u00e9clamation d\u00e9coulant de la pr\u00e9sente mention l\u00e9gale sera tranch\u00e9 par les cours et tribunaux comp\u00e9tents.<\/p>\n<p>La pr\u00e9sente politique en mati\u00e8re de cookies a \u00e9t\u00e9 mise \u00e0 jour le 14 juin 2023 afin de se conformer au r\u00e8glement (UE) 2016\/679 du Parlement europ\u00e9en et du Conseil du 27 avril 2016 relatif \u00e0 la protection des personnes physiques \u00e0 l&rsquo;\u00e9gard du traitement des donn\u00e9es \u00e0 caract\u00e8re personnel et \u00e0 la libre circulation de ces donn\u00e9es (RGPD).<\/p>\n<p>&nbsp;<\/p>\n","protected":false},"excerpt":{"rendered":"<p>MENTIONS L\u00c9GALES Coordonn\u00e9es Vous visitez le site web https:\/\/onboatsrental.com\/, propri\u00e9t\u00e9 de ONBOATS RENTAL &amp; FISHING TOURS SCP, dont le si\u00e8ge social est situ\u00e9 \u00e0 AC\/ BENIDORM N9, 1r, 43860, L&rsquo;AMETLLA DE MAR, TARRAGONE, Espagne, et dont le num\u00e9ro d&rsquo;identification fiscale (NIF) est J72679079 (ci-apr\u00e8s d\u00e9nomm\u00e9 \u00ab le Titulaire \u00bb). L&rsquo;activit\u00e9 n&rsquo;est soumise \u00e0 aucun r\u00e9gime [&hellip;]<\/p>\n","protected":false},"author":1,"featured_media":0,"parent":0,"menu_order":0,"comment_status":"closed","ping_status":"closed","template":"","meta":{"_et_pb_use_builder":"","_et_pb_old_content":"","_et_gb_content_width":"","footnotes":""},"class_list":["post-3113","page","type-page","status-publish","hentry"],"yoast_head":"<!-- This site is optimized with the Yoast SEO plugin v27.4 - https:\/\/yoast.com\/product\/yoast-seo-wordpress\/ -->\n<title>MENTIONS L\u00c9GALES - Alquiler de Embarcaciones | OnBoats Rental | L&#039;Ametlla de Mar | Catalunya<\/title>\n<meta name=\"description\" content=\"Consultez les mentions l\u00e9gales d&#039;OnBoats : informations sur la propri\u00e9t\u00e9 du site web, les conditions d&#039;utilisation et la protection des donn\u00e9es.\" \/>\n<meta name=\"robots\" content=\"index, follow, max-snippet:-1, max-image-preview:large, max-video-preview:-1\" \/>\n<link rel=\"canonical\" href=\"https:\/\/onboatsrental.com\/fr\/aviso-legal\/\" \/>\n<meta property=\"og:locale\" content=\"fr_FR\" \/>\n<meta property=\"og:type\" content=\"article\" \/>\n<meta property=\"og:title\" content=\"MENTIONS L\u00c9GALES - Alquiler de Embarcaciones | OnBoats Rental | L&#039;Ametlla de Mar | Catalunya\" \/>\n<meta property=\"og:description\" content=\"Consultez les mentions l\u00e9gales d&#039;OnBoats : informations sur la propri\u00e9t\u00e9 du site web, les conditions d&#039;utilisation et la protection des donn\u00e9es.\" \/>\n<meta property=\"og:url\" content=\"https:\/\/onboatsrental.com\/fr\/aviso-legal\/\" \/>\n<meta property=\"og:site_name\" content=\"Alquiler de Embarcaciones | OnBoats Rental | L&#039;Ametlla de Mar | Catalunya\" \/>\n<meta property=\"article:modified_time\" content=\"2026-03-25T11:32:19+00:00\" \/>\n<meta property=\"og:image\" content=\"https:\/\/onboatsrental.com\/wp-content\/uploads\/2023\/11\/estilo-vida-scaled.jpg\" \/>\n\t<meta property=\"og:image:width\" content=\"2560\" \/>\n\t<meta property=\"og:image:height\" content=\"1707\" \/>\n\t<meta property=\"og:image:type\" content=\"image\/jpeg\" \/>\n<meta name=\"twitter:label1\" content=\"Dur\u00e9e de lecture estim\u00e9e\" \/>\n\t<meta name=\"twitter:data1\" content=\"7 minutes\" \/>\n<script type=\"application\/ld+json\" class=\"yoast-schema-graph\">{\"@context\":\"https:\\\/\\\/schema.org\",\"@graph\":[{\"@type\":\"WebPage\",\"@id\":\"https:\\\/\\\/onboatsrental.com\\\/fr\\\/aviso-legal\\\/\",\"url\":\"https:\\\/\\\/onboatsrental.com\\\/fr\\\/aviso-legal\\\/\",\"name\":\"MENTIONS L\u00c9GALES - Alquiler de Embarcaciones | OnBoats Rental | L&#039;Ametlla de Mar | Catalunya\",\"isPartOf\":{\"@id\":\"https:\\\/\\\/onboatsrental.com\\\/#website\"},\"datePublished\":\"2026-03-25T11:18:31+00:00\",\"dateModified\":\"2026-03-25T11:32:19+00:00\",\"description\":\"Consultez les mentions l\u00e9gales d'OnBoats : informations sur la propri\u00e9t\u00e9 du site web, les conditions d'utilisation et la protection des donn\u00e9es.\",\"breadcrumb\":{\"@id\":\"https:\\\/\\\/onboatsrental.com\\\/fr\\\/aviso-legal\\\/#breadcrumb\"},\"inLanguage\":\"fr-FR\",\"potentialAction\":[{\"@type\":\"ReadAction\",\"target\":[\"https:\\\/\\\/onboatsrental.com\\\/fr\\\/aviso-legal\\\/\"]}]},{\"@type\":\"BreadcrumbList\",\"@id\":\"https:\\\/\\\/onboatsrental.com\\\/fr\\\/aviso-legal\\\/#breadcrumb\",\"itemListElement\":[{\"@type\":\"ListItem\",\"position\":1,\"name\":\"Portada\",\"item\":\"https:\\\/\\\/onboatsrental.com\\\/\"},{\"@type\":\"ListItem\",\"position\":2,\"name\":\"MENTIONS L\u00c9GALES\"}]},{\"@type\":\"WebSite\",\"@id\":\"https:\\\/\\\/onboatsrental.com\\\/#website\",\"url\":\"https:\\\/\\\/onboatsrental.com\\\/\",\"name\":\"Alquiler de Embarcaciones | OnBoats Rental | L'Ametlla de Mar | Catalunya\",\"description\":\"OnBoats Rental, alquiler de embarcaciones, con y sin titulaci\u00f3n. Ch\u00e1rter de pesca y excursiones n\u00e1uticas. Estamos en el puerto de L&#039;Ametlla de Mar, Tarragona, Catalunya\",\"publisher\":{\"@id\":\"https:\\\/\\\/onboatsrental.com\\\/#organization\"},\"alternateName\":\"OnBoats Rental\",\"potentialAction\":[{\"@type\":\"SearchAction\",\"target\":{\"@type\":\"EntryPoint\",\"urlTemplate\":\"https:\\\/\\\/onboatsrental.com\\\/?s={search_term_string}\"},\"query-input\":{\"@type\":\"PropertyValueSpecification\",\"valueRequired\":true,\"valueName\":\"search_term_string\"}}],\"inLanguage\":\"fr-FR\"},{\"@type\":\"Organization\",\"@id\":\"https:\\\/\\\/onboatsrental.com\\\/#organization\",\"name\":\"Alquiler de Embarcaciones | OnBoats Rental | L'Ametlla de Mar | Catalunya\",\"url\":\"https:\\\/\\\/onboatsrental.com\\\/\",\"logo\":{\"@type\":\"ImageObject\",\"inLanguage\":\"fr-FR\",\"@id\":\"https:\\\/\\\/onboatsrental.com\\\/#\\\/schema\\\/logo\\\/image\\\/\",\"url\":\"https:\\\/\\\/onboatsrental.com\\\/wp-content\\\/uploads\\\/2024\\\/06\\\/logo_Onboats.png\",\"contentUrl\":\"https:\\\/\\\/onboatsrental.com\\\/wp-content\\\/uploads\\\/2024\\\/06\\\/logo_Onboats.png\",\"width\":344,\"height\":290,\"caption\":\"Alquiler de Embarcaciones | OnBoats Rental | L'Ametlla de Mar | Catalunya\"},\"image\":{\"@id\":\"https:\\\/\\\/onboatsrental.com\\\/#\\\/schema\\\/logo\\\/image\\\/\"}}]}<\/script>\n<!-- \/ Yoast SEO plugin. -->","yoast_head_json":{"title":"MENTIONS L\u00c9GALES - Alquiler de Embarcaciones | OnBoats Rental | L&#039;Ametlla de Mar | Catalunya","description":"Consultez les mentions l\u00e9gales d'OnBoats : informations sur la propri\u00e9t\u00e9 du site web, les conditions d'utilisation et la protection des donn\u00e9es.","robots":{"index":"index","follow":"follow","max-snippet":"max-snippet:-1","max-image-preview":"max-image-preview:large","max-video-preview":"max-video-preview:-1"},"canonical":"https:\/\/onboatsrental.com\/fr\/aviso-legal\/","og_locale":"fr_FR","og_type":"article","og_title":"MENTIONS L\u00c9GALES - Alquiler de Embarcaciones | OnBoats Rental | L&#039;Ametlla de Mar | Catalunya","og_description":"Consultez les mentions l\u00e9gales d'OnBoats : informations sur la propri\u00e9t\u00e9 du site web, les conditions d'utilisation et la protection des donn\u00e9es.","og_url":"https:\/\/onboatsrental.com\/fr\/aviso-legal\/","og_site_name":"Alquiler de Embarcaciones | OnBoats Rental | L&#039;Ametlla de Mar | Catalunya","article_modified_time":"2026-03-25T11:32:19+00:00","og_image":[{"width":2560,"height":1707,"url":"https:\/\/onboatsrental.com\/wp-content\/uploads\/2023\/11\/estilo-vida-scaled.jpg","type":"image\/jpeg"}],"twitter_misc":{"Dur\u00e9e de lecture estim\u00e9e":"7 minutes"},"schema":{"@context":"https:\/\/schema.org","@graph":[{"@type":"WebPage","@id":"https:\/\/onboatsrental.com\/fr\/aviso-legal\/","url":"https:\/\/onboatsrental.com\/fr\/aviso-legal\/","name":"MENTIONS L\u00c9GALES - Alquiler de Embarcaciones | OnBoats Rental | L&#039;Ametlla de Mar | Catalunya","isPartOf":{"@id":"https:\/\/onboatsrental.com\/#website"},"datePublished":"2026-03-25T11:18:31+00:00","dateModified":"2026-03-25T11:32:19+00:00","description":"Consultez les mentions l\u00e9gales d'OnBoats : informations sur la propri\u00e9t\u00e9 du site web, les conditions d'utilisation et la protection des donn\u00e9es.","breadcrumb":{"@id":"https:\/\/onboatsrental.com\/fr\/aviso-legal\/#breadcrumb"},"inLanguage":"fr-FR","potentialAction":[{"@type":"ReadAction","target":["https:\/\/onboatsrental.com\/fr\/aviso-legal\/"]}]},{"@type":"BreadcrumbList","@id":"https:\/\/onboatsrental.com\/fr\/aviso-legal\/#breadcrumb","itemListElement":[{"@type":"ListItem","position":1,"name":"Portada","item":"https:\/\/onboatsrental.com\/"},{"@type":"ListItem","position":2,"name":"MENTIONS L\u00c9GALES"}]},{"@type":"WebSite","@id":"https:\/\/onboatsrental.com\/#website","url":"https:\/\/onboatsrental.com\/","name":"Alquiler de Embarcaciones | OnBoats Rental | L'Ametlla de Mar | Catalunya","description":"OnBoats Rental, alquiler de embarcaciones, con y sin titulaci\u00f3n. Ch\u00e1rter de pesca y excursiones n\u00e1uticas. Estamos en el puerto de L&#039;Ametlla de Mar, Tarragona, Catalunya","publisher":{"@id":"https:\/\/onboatsrental.com\/#organization"},"alternateName":"OnBoats Rental","potentialAction":[{"@type":"SearchAction","target":{"@type":"EntryPoint","urlTemplate":"https:\/\/onboatsrental.com\/?s={search_term_string}"},"query-input":{"@type":"PropertyValueSpecification","valueRequired":true,"valueName":"search_term_string"}}],"inLanguage":"fr-FR"},{"@type":"Organization","@id":"https:\/\/onboatsrental.com\/#organization","name":"Alquiler de Embarcaciones | OnBoats Rental | L'Ametlla de Mar | Catalunya","url":"https:\/\/onboatsrental.com\/","logo":{"@type":"ImageObject","inLanguage":"fr-FR","@id":"https:\/\/onboatsrental.com\/#\/schema\/logo\/image\/","url":"https:\/\/onboatsrental.com\/wp-content\/uploads\/2024\/06\/logo_Onboats.png","contentUrl":"https:\/\/onboatsrental.com\/wp-content\/uploads\/2024\/06\/logo_Onboats.png","width":344,"height":290,"caption":"Alquiler de Embarcaciones | OnBoats Rental | L'Ametlla de Mar | Catalunya"},"image":{"@id":"https:\/\/onboatsrental.com\/#\/schema\/logo\/image\/"}}]}},"_links":{"self":[{"href":"https:\/\/onboatsrental.com\/fr\/wp-json\/wp\/v2\/pages\/3113","targetHints":{"allow":["GET"]}}],"collection":[{"href":"https:\/\/onboatsrental.com\/fr\/wp-json\/wp\/v2\/pages"}],"about":[{"href":"https:\/\/onboatsrental.com\/fr\/wp-json\/wp\/v2\/types\/page"}],"author":[{"embeddable":true,"href":"https:\/\/onboatsrental.com\/fr\/wp-json\/wp\/v2\/users\/1"}],"replies":[{"embeddable":true,"href":"https:\/\/onboatsrental.com\/fr\/wp-json\/wp\/v2\/comments?post=3113"}],"version-history":[{"count":2,"href":"https:\/\/onboatsrental.com\/fr\/wp-json\/wp\/v2\/pages\/3113\/revisions"}],"predecessor-version":[{"id":3118,"href":"https:\/\/onboatsrental.com\/fr\/wp-json\/wp\/v2\/pages\/3113\/revisions\/3118"}],"wp:attachment":[{"href":"https:\/\/onboatsrental.com\/fr\/wp-json\/wp\/v2\/media?parent=3113"}],"curies":[{"name":"wp","href":"https:\/\/api.w.org\/{rel}","templated":true}]}}