{"id":3103,"date":"2026-03-25T11:07:05","date_gmt":"2026-03-25T11:07:05","guid":{"rendered":"https:\/\/onboatsrental.com\/declaracion-de-accesibilidad\/"},"modified":"2026-03-25T11:12:10","modified_gmt":"2026-03-25T11:12:10","slug":"declaracion-de-accesibilidad","status":"publish","type":"page","link":"https:\/\/onboatsrental.com\/fr\/declaracion-de-accesibilidad\/","title":{"rendered":"DECLARACI\u00d3N DE ACCESIBILIDAD"},"content":{"rendered":"<p data-section-id=\"vs0anx\" data-start=\"2561\" data-end=\"2591\"><strong>INFORMATION OBLIGATOIRE<\/strong><\/p>\n<p data-section-id=\"1sw5uy\" data-start=\"2593\" data-end=\"2623\"><strong>D\u00e9claration d\u2019accessibilit\u00e9<\/strong><\/p>\n<p data-start=\"2625\" data-end=\"2833\">ONBOATS RENTAL &amp; FISHING TOURS SCP s\u2019engage \u00e0 rendre le site onboatsrental.com accessible conform\u00e9ment au D\u00e9cret royal 1112\/2018 du 7 septembre relatif \u00e0 l\u2019accessibilit\u00e9 des sites web et applications mobiles.<\/p>\n<p data-start=\"2835\" data-end=\"2902\">Cette d\u00e9claration s\u2019applique au site :<br data-start=\"2873\" data-end=\"2876\" \/><a class=\"decorated-link\" href=\"https:\/\/onboatsrental.com\/fr\/\" target=\"_new\" rel=\"noopener\" data-start=\"2876\" data-end=\"2902\">https:\/\/onboatsrental.com\/<\/a><\/p>\n<p data-section-id=\"1380avg\" data-start=\"2904\" data-end=\"2925\"><strong>\u00c9tat de conformit\u00e9<\/strong><\/p>\n<p data-start=\"2927\" data-end=\"3031\">Ce site est partiellement conforme au D\u00e9cret royal 1112\/2018 en raison des \u00e9l\u00e9ments indiqu\u00e9s ci-dessous.<\/p>\n<p data-section-id=\"210fz8\" data-start=\"3033\" data-end=\"3058\"><strong>Contenu non accessible<\/strong><\/p>\n<p data-start=\"3060\" data-end=\"3128\">Le contenu suivant n\u2019est pas accessible pour les raisons suivantes :<\/p>\n<p data-start=\"3130\" data-end=\"3263\">Non-conformit\u00e9 : des erreurs ponctuelles peuvent exister dans certains contenus HTML ou documents publi\u00e9s apr\u00e8s le 20 septembre 2018.<\/p>\n<p data-start=\"3265\" data-end=\"3379\">Certaines erreurs peuvent concerner des documents avec graphiques, tableaux complexes ou signatures \u00e9lectroniques.<\/p>\n<p data-start=\"3381\" data-end=\"3422\">Charge disproportionn\u00e9e : non applicable.<\/p>\n<p data-start=\"3424\" data-end=\"3541\">Contenu hors champ l\u00e9gal : certains fichiers PDF ou contenus tiers peuvent ne pas respecter totalement les exigences.<\/p>\n<p data-section-id=\"7vypow\" data-start=\"3543\" data-end=\"3575\"><strong>Pr\u00e9paration de la d\u00e9claration<\/strong><\/p>\n<p data-start=\"3577\" data-end=\"3614\">D\u00e9claration pr\u00e9par\u00e9e le 10 juin 2025.<\/p>\n<p data-start=\"3616\" data-end=\"3667\">M\u00e9thode : auto-\u00e9valuation r\u00e9alis\u00e9e par l\u2019organisme.<\/p>\n<p data-start=\"3669\" data-end=\"3702\">Derni\u00e8re r\u00e9vision : 10 juin 2025.<\/p>\n<p data-section-id=\"1sm1o79\" data-start=\"3704\" data-end=\"3730\"><strong>Observations et contact<\/strong><\/p>\n<p data-start=\"3732\" data-end=\"3754\">Vous pouvez signaler :<\/p>\n<p data-start=\"3756\" data-end=\"3823\">Non-conformit\u00e9<br data-start=\"3770\" data-end=\"3773\" \/>Difficult\u00e9s d\u2019acc\u00e8s<br data-start=\"3792\" data-end=\"3795\" \/>Suggestions d\u2019am\u00e9lioration<\/p>\n<p data-start=\"3825\" data-end=\"3830\">Par :<\/p>\n<p data-start=\"3832\" data-end=\"3896\">Email : <a class=\"decorated-link cursor-pointer\" rel=\"noopener\" data-start=\"3840\" data-end=\"3866\">reservas@onboatsrental.com<\/a><br data-start=\"3866\" data-end=\"3869\" \/>T\u00e9l\u00e9phone : +34 617 671 335<\/p>\n<p data-start=\"3898\" data-end=\"3977\">Vous pouvez aussi demander des informations accessibles ou d\u00e9poser une plainte.<\/p>\n<p data-start=\"3979\" data-end=\"4038\">Les demandes doivent \u00eatre adress\u00e9es au responsable du site.<\/p>\n<p data-section-id=\"9s8dpf\" data-start=\"4040\" data-end=\"4066\"><strong>Proc\u00e9dure d\u2019application<\/strong><\/p>\n<p data-start=\"4068\" data-end=\"4178\">Cette proc\u00e9dure permet de d\u00e9poser une r\u00e9clamation, contester une d\u00e9cision ou demander des mesures correctives.<\/p>\n<p data-start=\"4180\" data-end=\"4230\">Lien vers le responsable du site ou son sup\u00e9rieur.<\/p>\n","protected":false},"excerpt":{"rendered":"<p>INFORMATION OBLIGATOIRE D\u00e9claration d\u2019accessibilit\u00e9 ONBOATS RENTAL &amp; FISHING TOURS SCP s\u2019engage \u00e0 rendre le site onboatsrental.com accessible conform\u00e9ment au D\u00e9cret royal 1112\/2018 du 7 septembre relatif \u00e0 l\u2019accessibilit\u00e9 des sites web et applications mobiles. Cette d\u00e9claration s\u2019applique au site :https:\/\/onboatsrental.com\/ \u00c9tat de conformit\u00e9 Ce site est partiellement conforme au D\u00e9cret royal 1112\/2018 en raison des [&hellip;]<\/p>\n","protected":false},"author":1,"featured_media":0,"parent":0,"menu_order":0,"comment_status":"closed","ping_status":"closed","template":"","meta":{"_et_pb_use_builder":"","_et_pb_old_content":"","_et_gb_content_width":"","footnotes":""},"class_list":["post-3103","page","type-page","status-publish","hentry"],"yoast_head":"<!-- This site is optimized with the Yoast SEO plugin v27.4 - https:\/\/yoast.com\/product\/yoast-seo-wordpress\/ -->\n<title>DECLARACI\u00d3N DE ACCESIBILIDAD - Alquiler de Embarcaciones | OnBoats Rental | L&#039;Ametlla de Mar | Catalunya<\/title>\n<meta name=\"description\" content=\"D\u00e9claration d\u2019accessibilit\u00e9 de OnBoats Rental. Informations sur la conformit\u00e9 du site, les droits des utilisateurs et comment signaler un probl\u00e8me d\u2019accessibilit\u00e9.\" \/>\n<meta name=\"robots\" content=\"index, follow, max-snippet:-1, max-image-preview:large, max-video-preview:-1\" \/>\n<link rel=\"canonical\" href=\"https:\/\/onboatsrental.com\/fr\/declaracion-de-accesibilidad\/\" \/>\n<meta property=\"og:locale\" content=\"fr_FR\" \/>\n<meta property=\"og:type\" content=\"article\" \/>\n<meta property=\"og:title\" content=\"DECLARACI\u00d3N DE ACCESIBILIDAD - Alquiler de Embarcaciones | OnBoats Rental | L&#039;Ametlla de Mar | Catalunya\" \/>\n<meta property=\"og:description\" content=\"D\u00e9claration d\u2019accessibilit\u00e9 de OnBoats Rental. Informations sur la conformit\u00e9 du site, les droits des utilisateurs et comment signaler un probl\u00e8me d\u2019accessibilit\u00e9.\" \/>\n<meta property=\"og:url\" content=\"https:\/\/onboatsrental.com\/fr\/declaracion-de-accesibilidad\/\" \/>\n<meta property=\"og:site_name\" content=\"Alquiler de Embarcaciones | OnBoats Rental | L&#039;Ametlla de Mar | Catalunya\" \/>\n<meta property=\"article:modified_time\" content=\"2026-03-25T11:12:10+00:00\" \/>\n<meta property=\"og:image\" content=\"https:\/\/onboatsrental.com\/wp-content\/uploads\/2023\/11\/estilo-vida-scaled.jpg\" \/>\n\t<meta property=\"og:image:width\" content=\"2560\" \/>\n\t<meta property=\"og:image:height\" content=\"1707\" \/>\n\t<meta property=\"og:image:type\" content=\"image\/jpeg\" \/>\n<meta name=\"twitter:label1\" content=\"Dur\u00e9e de lecture estim\u00e9e\" \/>\n\t<meta name=\"twitter:data1\" content=\"1 minute\" \/>\n<script type=\"application\/ld+json\" class=\"yoast-schema-graph\">{\"@context\":\"https:\\\/\\\/schema.org\",\"@graph\":[{\"@type\":\"WebPage\",\"@id\":\"https:\\\/\\\/onboatsrental.com\\\/fr\\\/declaracion-de-accesibilidad\\\/\",\"url\":\"https:\\\/\\\/onboatsrental.com\\\/fr\\\/declaracion-de-accesibilidad\\\/\",\"name\":\"DECLARACI\u00d3N DE ACCESIBILIDAD - Alquiler de Embarcaciones | OnBoats Rental | L&#039;Ametlla de Mar | Catalunya\",\"isPartOf\":{\"@id\":\"https:\\\/\\\/onboatsrental.com\\\/#website\"},\"datePublished\":\"2026-03-25T11:07:05+00:00\",\"dateModified\":\"2026-03-25T11:12:10+00:00\",\"description\":\"D\u00e9claration d\u2019accessibilit\u00e9 de OnBoats Rental. Informations sur la conformit\u00e9 du site, les droits des utilisateurs et comment signaler un probl\u00e8me d\u2019accessibilit\u00e9.\",\"breadcrumb\":{\"@id\":\"https:\\\/\\\/onboatsrental.com\\\/fr\\\/declaracion-de-accesibilidad\\\/#breadcrumb\"},\"inLanguage\":\"fr-FR\",\"potentialAction\":[{\"@type\":\"ReadAction\",\"target\":[\"https:\\\/\\\/onboatsrental.com\\\/fr\\\/declaracion-de-accesibilidad\\\/\"]}]},{\"@type\":\"BreadcrumbList\",\"@id\":\"https:\\\/\\\/onboatsrental.com\\\/fr\\\/declaracion-de-accesibilidad\\\/#breadcrumb\",\"itemListElement\":[{\"@type\":\"ListItem\",\"position\":1,\"name\":\"Portada\",\"item\":\"https:\\\/\\\/onboatsrental.com\\\/\"},{\"@type\":\"ListItem\",\"position\":2,\"name\":\"DECLARACI\u00d3N DE ACCESIBILIDAD\"}]},{\"@type\":\"WebSite\",\"@id\":\"https:\\\/\\\/onboatsrental.com\\\/#website\",\"url\":\"https:\\\/\\\/onboatsrental.com\\\/\",\"name\":\"Alquiler de Embarcaciones | OnBoats Rental | L'Ametlla de Mar | Catalunya\",\"description\":\"OnBoats Rental, alquiler de embarcaciones, con y sin titulaci\u00f3n. Ch\u00e1rter de pesca y excursiones n\u00e1uticas. Estamos en el puerto de L&#039;Ametlla de Mar, Tarragona, Catalunya\",\"publisher\":{\"@id\":\"https:\\\/\\\/onboatsrental.com\\\/#organization\"},\"alternateName\":\"OnBoats Rental\",\"potentialAction\":[{\"@type\":\"SearchAction\",\"target\":{\"@type\":\"EntryPoint\",\"urlTemplate\":\"https:\\\/\\\/onboatsrental.com\\\/?s={search_term_string}\"},\"query-input\":{\"@type\":\"PropertyValueSpecification\",\"valueRequired\":true,\"valueName\":\"search_term_string\"}}],\"inLanguage\":\"fr-FR\"},{\"@type\":\"Organization\",\"@id\":\"https:\\\/\\\/onboatsrental.com\\\/#organization\",\"name\":\"Alquiler de Embarcaciones | OnBoats Rental | L'Ametlla de Mar | Catalunya\",\"url\":\"https:\\\/\\\/onboatsrental.com\\\/\",\"logo\":{\"@type\":\"ImageObject\",\"inLanguage\":\"fr-FR\",\"@id\":\"https:\\\/\\\/onboatsrental.com\\\/#\\\/schema\\\/logo\\\/image\\\/\",\"url\":\"https:\\\/\\\/onboatsrental.com\\\/wp-content\\\/uploads\\\/2024\\\/06\\\/logo_Onboats.png\",\"contentUrl\":\"https:\\\/\\\/onboatsrental.com\\\/wp-content\\\/uploads\\\/2024\\\/06\\\/logo_Onboats.png\",\"width\":344,\"height\":290,\"caption\":\"Alquiler de Embarcaciones | OnBoats Rental | L'Ametlla de Mar | Catalunya\"},\"image\":{\"@id\":\"https:\\\/\\\/onboatsrental.com\\\/#\\\/schema\\\/logo\\\/image\\\/\"}}]}<\/script>\n<!-- \/ Yoast SEO plugin. -->","yoast_head_json":{"title":"DECLARACI\u00d3N DE ACCESIBILIDAD - Alquiler de Embarcaciones | OnBoats Rental | L&#039;Ametlla de Mar | Catalunya","description":"D\u00e9claration d\u2019accessibilit\u00e9 de OnBoats Rental. Informations sur la conformit\u00e9 du site, les droits des utilisateurs et comment signaler un probl\u00e8me d\u2019accessibilit\u00e9.","robots":{"index":"index","follow":"follow","max-snippet":"max-snippet:-1","max-image-preview":"max-image-preview:large","max-video-preview":"max-video-preview:-1"},"canonical":"https:\/\/onboatsrental.com\/fr\/declaracion-de-accesibilidad\/","og_locale":"fr_FR","og_type":"article","og_title":"DECLARACI\u00d3N DE ACCESIBILIDAD - Alquiler de Embarcaciones | OnBoats Rental | L&#039;Ametlla de Mar | Catalunya","og_description":"D\u00e9claration d\u2019accessibilit\u00e9 de OnBoats Rental. Informations sur la conformit\u00e9 du site, les droits des utilisateurs et comment signaler un probl\u00e8me d\u2019accessibilit\u00e9.","og_url":"https:\/\/onboatsrental.com\/fr\/declaracion-de-accesibilidad\/","og_site_name":"Alquiler de Embarcaciones | OnBoats Rental | L&#039;Ametlla de Mar | Catalunya","article_modified_time":"2026-03-25T11:12:10+00:00","og_image":[{"width":2560,"height":1707,"url":"https:\/\/onboatsrental.com\/wp-content\/uploads\/2023\/11\/estilo-vida-scaled.jpg","type":"image\/jpeg"}],"twitter_misc":{"Dur\u00e9e de lecture estim\u00e9e":"1 minute"},"schema":{"@context":"https:\/\/schema.org","@graph":[{"@type":"WebPage","@id":"https:\/\/onboatsrental.com\/fr\/declaracion-de-accesibilidad\/","url":"https:\/\/onboatsrental.com\/fr\/declaracion-de-accesibilidad\/","name":"DECLARACI\u00d3N DE ACCESIBILIDAD - Alquiler de Embarcaciones | OnBoats Rental | L&#039;Ametlla de Mar | Catalunya","isPartOf":{"@id":"https:\/\/onboatsrental.com\/#website"},"datePublished":"2026-03-25T11:07:05+00:00","dateModified":"2026-03-25T11:12:10+00:00","description":"D\u00e9claration d\u2019accessibilit\u00e9 de OnBoats Rental. Informations sur la conformit\u00e9 du site, les droits des utilisateurs et comment signaler un probl\u00e8me d\u2019accessibilit\u00e9.","breadcrumb":{"@id":"https:\/\/onboatsrental.com\/fr\/declaracion-de-accesibilidad\/#breadcrumb"},"inLanguage":"fr-FR","potentialAction":[{"@type":"ReadAction","target":["https:\/\/onboatsrental.com\/fr\/declaracion-de-accesibilidad\/"]}]},{"@type":"BreadcrumbList","@id":"https:\/\/onboatsrental.com\/fr\/declaracion-de-accesibilidad\/#breadcrumb","itemListElement":[{"@type":"ListItem","position":1,"name":"Portada","item":"https:\/\/onboatsrental.com\/"},{"@type":"ListItem","position":2,"name":"DECLARACI\u00d3N DE ACCESIBILIDAD"}]},{"@type":"WebSite","@id":"https:\/\/onboatsrental.com\/#website","url":"https:\/\/onboatsrental.com\/","name":"Alquiler de Embarcaciones | OnBoats Rental | L'Ametlla de Mar | Catalunya","description":"OnBoats Rental, alquiler de embarcaciones, con y sin titulaci\u00f3n. Ch\u00e1rter de pesca y excursiones n\u00e1uticas. Estamos en el puerto de L&#039;Ametlla de Mar, Tarragona, Catalunya","publisher":{"@id":"https:\/\/onboatsrental.com\/#organization"},"alternateName":"OnBoats Rental","potentialAction":[{"@type":"SearchAction","target":{"@type":"EntryPoint","urlTemplate":"https:\/\/onboatsrental.com\/?s={search_term_string}"},"query-input":{"@type":"PropertyValueSpecification","valueRequired":true,"valueName":"search_term_string"}}],"inLanguage":"fr-FR"},{"@type":"Organization","@id":"https:\/\/onboatsrental.com\/#organization","name":"Alquiler de Embarcaciones | OnBoats Rental | L'Ametlla de Mar | Catalunya","url":"https:\/\/onboatsrental.com\/","logo":{"@type":"ImageObject","inLanguage":"fr-FR","@id":"https:\/\/onboatsrental.com\/#\/schema\/logo\/image\/","url":"https:\/\/onboatsrental.com\/wp-content\/uploads\/2024\/06\/logo_Onboats.png","contentUrl":"https:\/\/onboatsrental.com\/wp-content\/uploads\/2024\/06\/logo_Onboats.png","width":344,"height":290,"caption":"Alquiler de Embarcaciones | OnBoats Rental | L'Ametlla de Mar | Catalunya"},"image":{"@id":"https:\/\/onboatsrental.com\/#\/schema\/logo\/image\/"}}]}},"_links":{"self":[{"href":"https:\/\/onboatsrental.com\/fr\/wp-json\/wp\/v2\/pages\/3103","targetHints":{"allow":["GET"]}}],"collection":[{"href":"https:\/\/onboatsrental.com\/fr\/wp-json\/wp\/v2\/pages"}],"about":[{"href":"https:\/\/onboatsrental.com\/fr\/wp-json\/wp\/v2\/types\/page"}],"author":[{"embeddable":true,"href":"https:\/\/onboatsrental.com\/fr\/wp-json\/wp\/v2\/users\/1"}],"replies":[{"embeddable":true,"href":"https:\/\/onboatsrental.com\/fr\/wp-json\/wp\/v2\/comments?post=3103"}],"version-history":[{"count":2,"href":"https:\/\/onboatsrental.com\/fr\/wp-json\/wp\/v2\/pages\/3103\/revisions"}],"predecessor-version":[{"id":3106,"href":"https:\/\/onboatsrental.com\/fr\/wp-json\/wp\/v2\/pages\/3103\/revisions\/3106"}],"wp:attachment":[{"href":"https:\/\/onboatsrental.com\/fr\/wp-json\/wp\/v2\/media?parent=3103"}],"curies":[{"name":"wp","href":"https:\/\/api.w.org\/{rel}","templated":true}]}}