{"id":3095,"date":"2026-03-25T10:40:28","date_gmt":"2026-03-25T10:40:28","guid":{"rendered":"https:\/\/onboatsrental.com\/politica-de-privacidad\/"},"modified":"2026-03-25T11:03:54","modified_gmt":"2026-03-25T11:03:54","slug":"politica-de-privacidad","status":"publish","type":"page","link":"https:\/\/onboatsrental.com\/fr\/politica-de-privacidad\/","title":{"rendered":"POLITIQUE DE CONFIDENTIALIT\u00c9"},"content":{"rendered":"<p data-section-id=\"vy42y0\" data-start=\"2985\" data-end=\"3003\"><strong>QUI SOMMES-NOUS<\/strong><\/p>\n<p data-start=\"3005\" data-end=\"3065\">L\u2019adresse de notre site web est : <a class=\"decorated-link\" href=\"https:\/\/onboatsrental.com\/fr\/\" target=\"_new\" rel=\"noopener\" data-start=\"3039\" data-end=\"3065\">https:\/\/onboatsrental.com\/<\/a><\/p>\n<p data-section-id=\"z72yta\" data-start=\"3067\" data-end=\"3076\"><strong>M\u00c9DIAS<\/strong><\/p>\n<p data-start=\"3078\" data-end=\"3255\">Si vous t\u00e9l\u00e9versez des images sur le site, vous devez \u00e9viter d\u2019inclure des donn\u00e9es de localisation (GPS EXIF). Les visiteurs du site peuvent t\u00e9l\u00e9charger et extraire ces donn\u00e9es.<\/p>\n<p data-section-id=\"1q8dur6\" data-start=\"3257\" data-end=\"3267\"><strong>COOKIES<\/strong><\/p>\n<p data-start=\"3269\" data-end=\"3424\">Si vous laissez un commentaire, vous pouvez enregistrer votre nom, adresse e-mail et site web dans des cookies afin de ne pas avoir \u00e0 les saisir \u00e0 nouveau.<\/p>\n<p data-start=\"3426\" data-end=\"3566\">Si vous avez un compte et que vous vous connectez, un cookie temporaire sera install\u00e9 pour v\u00e9rifier si votre navigateur accepte les cookies.<\/p>\n<p data-start=\"3568\" data-end=\"3703\">Lors de la connexion, plusieurs cookies seront install\u00e9s pour enregistrer vos informations de connexion et vos pr\u00e9f\u00e9rences d\u2019affichage.<\/p>\n<p data-start=\"3705\" data-end=\"3808\">Si vous modifiez ou publiez un article, un cookie suppl\u00e9mentaire sera enregistr\u00e9 dans votre navigateur.<\/p>\n<p data-section-id=\"um4kg1\" data-start=\"3810\" data-end=\"3853\"><strong>CONTENU INT\u00c9GR\u00c9 PROVENANT D\u2019AUTRES SITES<\/strong><\/p>\n<p data-start=\"3855\" data-end=\"3998\">Les articles peuvent inclure du contenu int\u00e9gr\u00e9 (vid\u00e9os, images, articles\u2026).<br data-start=\"3931\" data-end=\"3934\" \/>Ce contenu se comporte comme si vous visitiez le site d\u2019origine.<\/p>\n<p data-start=\"4000\" data-end=\"4121\">Ces sites peuvent collecter des donn\u00e9es, utiliser des cookies, int\u00e9grer des suivis tiers et surveiller votre interaction.<\/p>\n<p data-section-id=\"1fbebwm\" data-start=\"4123\" data-end=\"4162\"><strong>AVEC QUI NOUS PARTAGEONS VOS DONN\u00c9ES<\/strong><\/p>\n<p data-start=\"4164\" data-end=\"4263\">Si vous demandez une r\u00e9initialisation de mot de passe, votre adresse IP sera incluse dans l\u2019e-mail.<\/p>\n<p data-section-id=\"16u031c\" data-start=\"4265\" data-end=\"4301\"><strong>DUR\u00c9E DE CONSERVATION DES DONN\u00c9ES<\/strong><\/p>\n<p data-start=\"4303\" data-end=\"4369\">Les commentaires et leurs m\u00e9tadonn\u00e9es sont conserv\u00e9s ind\u00e9finiment.<\/p>\n<p data-start=\"4371\" data-end=\"4463\">Les utilisateurs enregistr\u00e9s peuvent voir, modifier ou supprimer leurs donn\u00e9es personnelles.<\/p>\n<p data-start=\"4465\" data-end=\"4530\">Les administrateurs peuvent \u00e9galement acc\u00e9der \u00e0 ces informations.<\/p>\n<p data-section-id=\"1aadc60\" data-start=\"4532\" data-end=\"4545\"><strong>VOS DROITS<\/strong><\/p>\n<p data-start=\"4547\" data-end=\"4614\">Vous pouvez demander un fichier contenant vos donn\u00e9es personnelles.<\/p>\n<p data-start=\"4616\" data-end=\"4691\">Vous pouvez demander la suppression de vos donn\u00e9es, sauf obligation l\u00e9gale.<\/p>\n<p data-section-id=\"1jfgu4f\" data-start=\"4693\" data-end=\"4724\"><strong>O\u00d9 SONT ENVOY\u00c9ES VOS DONN\u00c9ES<\/strong><\/p>\n<p data-start=\"4726\" data-end=\"4813\">Les commentaires peuvent \u00eatre v\u00e9rifi\u00e9s par un service automatique de d\u00e9tection de spam.<\/p>\n","protected":false},"excerpt":{"rendered":"<p>QUI SOMMES-NOUS L\u2019adresse de notre site web est : https:\/\/onboatsrental.com\/ M\u00c9DIAS Si vous t\u00e9l\u00e9versez des images sur le site, vous devez \u00e9viter d\u2019inclure des donn\u00e9es de localisation (GPS EXIF). Les visiteurs du site peuvent t\u00e9l\u00e9charger et extraire ces donn\u00e9es. COOKIES Si vous laissez un commentaire, vous pouvez enregistrer votre nom, adresse e-mail et site web [&hellip;]<\/p>\n","protected":false},"author":1,"featured_media":0,"parent":0,"menu_order":0,"comment_status":"closed","ping_status":"closed","template":"","meta":{"_et_pb_use_builder":"","_et_pb_old_content":"","_et_gb_content_width":"","footnotes":""},"class_list":["post-3095","page","type-page","status-publish","hentry"],"yoast_head":"<!-- This site is optimized with the Yoast SEO plugin v27.4 - https:\/\/yoast.com\/product\/yoast-seo-wordpress\/ -->\n<title>POLITIQUE DE CONFIDENTIALIT\u00c9 - Alquiler de Embarcaciones | OnBoats Rental | L&#039;Ametlla de Mar | Catalunya<\/title>\n<meta name=\"description\" content=\"Consulta nuestra pol\u00edtica de privacidad, inf\u00f3rmate sobre c\u00f3mo OnBoats recoge, utiliza y protege tus datos personales.\" \/>\n<meta name=\"robots\" content=\"index, follow, max-snippet:-1, max-image-preview:large, max-video-preview:-1\" \/>\n<link rel=\"canonical\" href=\"https:\/\/onboatsrental.com\/fr\/politica-de-privacidad\/\" \/>\n<meta property=\"og:locale\" content=\"fr_FR\" \/>\n<meta property=\"og:type\" content=\"article\" \/>\n<meta property=\"og:title\" content=\"POLITIQUE DE CONFIDENTIALIT\u00c9 - Alquiler de Embarcaciones | OnBoats Rental | L&#039;Ametlla de Mar | Catalunya\" \/>\n<meta property=\"og:description\" content=\"Consulta nuestra pol\u00edtica de privacidad, inf\u00f3rmate sobre c\u00f3mo OnBoats recoge, utiliza y protege tus datos personales.\" \/>\n<meta property=\"og:url\" content=\"https:\/\/onboatsrental.com\/fr\/politica-de-privacidad\/\" \/>\n<meta property=\"og:site_name\" content=\"Alquiler de Embarcaciones | OnBoats Rental | L&#039;Ametlla de Mar | Catalunya\" \/>\n<meta property=\"article:modified_time\" content=\"2026-03-25T11:03:54+00:00\" \/>\n<meta property=\"og:image\" content=\"https:\/\/onboatsrental.com\/wp-content\/uploads\/2023\/11\/estilo-vida-scaled.jpg\" \/>\n\t<meta property=\"og:image:width\" content=\"2560\" \/>\n\t<meta property=\"og:image:height\" content=\"1707\" \/>\n\t<meta property=\"og:image:type\" content=\"image\/jpeg\" \/>\n<meta name=\"twitter:label1\" content=\"Dur\u00e9e de lecture estim\u00e9e\" \/>\n\t<meta name=\"twitter:data1\" content=\"2 minutes\" \/>\n<script type=\"application\/ld+json\" class=\"yoast-schema-graph\">{\"@context\":\"https:\\\/\\\/schema.org\",\"@graph\":[{\"@type\":\"WebPage\",\"@id\":\"https:\\\/\\\/onboatsrental.com\\\/fr\\\/politica-de-privacidad\\\/\",\"url\":\"https:\\\/\\\/onboatsrental.com\\\/fr\\\/politica-de-privacidad\\\/\",\"name\":\"POLITIQUE DE CONFIDENTIALIT\u00c9 - Alquiler de Embarcaciones | OnBoats Rental | L&#039;Ametlla de Mar | Catalunya\",\"isPartOf\":{\"@id\":\"https:\\\/\\\/onboatsrental.com\\\/#website\"},\"datePublished\":\"2026-03-25T10:40:28+00:00\",\"dateModified\":\"2026-03-25T11:03:54+00:00\",\"description\":\"Consulta nuestra pol\u00edtica de privacidad, inf\u00f3rmate sobre c\u00f3mo OnBoats recoge, utiliza y protege tus datos personales.\",\"breadcrumb\":{\"@id\":\"https:\\\/\\\/onboatsrental.com\\\/fr\\\/politica-de-privacidad\\\/#breadcrumb\"},\"inLanguage\":\"fr-FR\",\"potentialAction\":[{\"@type\":\"ReadAction\",\"target\":[\"https:\\\/\\\/onboatsrental.com\\\/fr\\\/politica-de-privacidad\\\/\"]}]},{\"@type\":\"BreadcrumbList\",\"@id\":\"https:\\\/\\\/onboatsrental.com\\\/fr\\\/politica-de-privacidad\\\/#breadcrumb\",\"itemListElement\":[{\"@type\":\"ListItem\",\"position\":1,\"name\":\"Portada\",\"item\":\"https:\\\/\\\/onboatsrental.com\\\/\"},{\"@type\":\"ListItem\",\"position\":2,\"name\":\"POLITIQUE DE CONFIDENTIALIT\u00c9\"}]},{\"@type\":\"WebSite\",\"@id\":\"https:\\\/\\\/onboatsrental.com\\\/#website\",\"url\":\"https:\\\/\\\/onboatsrental.com\\\/\",\"name\":\"Alquiler de Embarcaciones | OnBoats Rental | L'Ametlla de Mar | Catalunya\",\"description\":\"OnBoats Rental, alquiler de embarcaciones, con y sin titulaci\u00f3n. Ch\u00e1rter de pesca y excursiones n\u00e1uticas. Estamos en el puerto de L&#039;Ametlla de Mar, Tarragona, Catalunya\",\"publisher\":{\"@id\":\"https:\\\/\\\/onboatsrental.com\\\/#organization\"},\"alternateName\":\"OnBoats Rental\",\"potentialAction\":[{\"@type\":\"SearchAction\",\"target\":{\"@type\":\"EntryPoint\",\"urlTemplate\":\"https:\\\/\\\/onboatsrental.com\\\/?s={search_term_string}\"},\"query-input\":{\"@type\":\"PropertyValueSpecification\",\"valueRequired\":true,\"valueName\":\"search_term_string\"}}],\"inLanguage\":\"fr-FR\"},{\"@type\":\"Organization\",\"@id\":\"https:\\\/\\\/onboatsrental.com\\\/#organization\",\"name\":\"Alquiler de Embarcaciones | OnBoats Rental | L'Ametlla de Mar | Catalunya\",\"url\":\"https:\\\/\\\/onboatsrental.com\\\/\",\"logo\":{\"@type\":\"ImageObject\",\"inLanguage\":\"fr-FR\",\"@id\":\"https:\\\/\\\/onboatsrental.com\\\/#\\\/schema\\\/logo\\\/image\\\/\",\"url\":\"https:\\\/\\\/onboatsrental.com\\\/wp-content\\\/uploads\\\/2024\\\/06\\\/logo_Onboats.png\",\"contentUrl\":\"https:\\\/\\\/onboatsrental.com\\\/wp-content\\\/uploads\\\/2024\\\/06\\\/logo_Onboats.png\",\"width\":344,\"height\":290,\"caption\":\"Alquiler de Embarcaciones | OnBoats Rental | L'Ametlla de Mar | Catalunya\"},\"image\":{\"@id\":\"https:\\\/\\\/onboatsrental.com\\\/#\\\/schema\\\/logo\\\/image\\\/\"}}]}<\/script>\n<!-- \/ Yoast SEO plugin. -->","yoast_head_json":{"title":"POLITIQUE DE CONFIDENTIALIT\u00c9 - Alquiler de Embarcaciones | OnBoats Rental | L&#039;Ametlla de Mar | Catalunya","description":"Consulta nuestra pol\u00edtica de privacidad, inf\u00f3rmate sobre c\u00f3mo OnBoats recoge, utiliza y protege tus datos personales.","robots":{"index":"index","follow":"follow","max-snippet":"max-snippet:-1","max-image-preview":"max-image-preview:large","max-video-preview":"max-video-preview:-1"},"canonical":"https:\/\/onboatsrental.com\/fr\/politica-de-privacidad\/","og_locale":"fr_FR","og_type":"article","og_title":"POLITIQUE DE CONFIDENTIALIT\u00c9 - Alquiler de Embarcaciones | OnBoats Rental | L&#039;Ametlla de Mar | Catalunya","og_description":"Consulta nuestra pol\u00edtica de privacidad, inf\u00f3rmate sobre c\u00f3mo OnBoats recoge, utiliza y protege tus datos personales.","og_url":"https:\/\/onboatsrental.com\/fr\/politica-de-privacidad\/","og_site_name":"Alquiler de Embarcaciones | OnBoats Rental | L&#039;Ametlla de Mar | Catalunya","article_modified_time":"2026-03-25T11:03:54+00:00","og_image":[{"width":2560,"height":1707,"url":"https:\/\/onboatsrental.com\/wp-content\/uploads\/2023\/11\/estilo-vida-scaled.jpg","type":"image\/jpeg"}],"twitter_misc":{"Dur\u00e9e de lecture estim\u00e9e":"2 minutes"},"schema":{"@context":"https:\/\/schema.org","@graph":[{"@type":"WebPage","@id":"https:\/\/onboatsrental.com\/fr\/politica-de-privacidad\/","url":"https:\/\/onboatsrental.com\/fr\/politica-de-privacidad\/","name":"POLITIQUE DE CONFIDENTIALIT\u00c9 - Alquiler de Embarcaciones | OnBoats Rental | L&#039;Ametlla de Mar | Catalunya","isPartOf":{"@id":"https:\/\/onboatsrental.com\/#website"},"datePublished":"2026-03-25T10:40:28+00:00","dateModified":"2026-03-25T11:03:54+00:00","description":"Consulta nuestra pol\u00edtica de privacidad, inf\u00f3rmate sobre c\u00f3mo OnBoats recoge, utiliza y protege tus datos personales.","breadcrumb":{"@id":"https:\/\/onboatsrental.com\/fr\/politica-de-privacidad\/#breadcrumb"},"inLanguage":"fr-FR","potentialAction":[{"@type":"ReadAction","target":["https:\/\/onboatsrental.com\/fr\/politica-de-privacidad\/"]}]},{"@type":"BreadcrumbList","@id":"https:\/\/onboatsrental.com\/fr\/politica-de-privacidad\/#breadcrumb","itemListElement":[{"@type":"ListItem","position":1,"name":"Portada","item":"https:\/\/onboatsrental.com\/"},{"@type":"ListItem","position":2,"name":"POLITIQUE DE CONFIDENTIALIT\u00c9"}]},{"@type":"WebSite","@id":"https:\/\/onboatsrental.com\/#website","url":"https:\/\/onboatsrental.com\/","name":"Alquiler de Embarcaciones | OnBoats Rental | L'Ametlla de Mar | Catalunya","description":"OnBoats Rental, alquiler de embarcaciones, con y sin titulaci\u00f3n. Ch\u00e1rter de pesca y excursiones n\u00e1uticas. Estamos en el puerto de L&#039;Ametlla de Mar, Tarragona, Catalunya","publisher":{"@id":"https:\/\/onboatsrental.com\/#organization"},"alternateName":"OnBoats Rental","potentialAction":[{"@type":"SearchAction","target":{"@type":"EntryPoint","urlTemplate":"https:\/\/onboatsrental.com\/?s={search_term_string}"},"query-input":{"@type":"PropertyValueSpecification","valueRequired":true,"valueName":"search_term_string"}}],"inLanguage":"fr-FR"},{"@type":"Organization","@id":"https:\/\/onboatsrental.com\/#organization","name":"Alquiler de Embarcaciones | OnBoats Rental | L'Ametlla de Mar | Catalunya","url":"https:\/\/onboatsrental.com\/","logo":{"@type":"ImageObject","inLanguage":"fr-FR","@id":"https:\/\/onboatsrental.com\/#\/schema\/logo\/image\/","url":"https:\/\/onboatsrental.com\/wp-content\/uploads\/2024\/06\/logo_Onboats.png","contentUrl":"https:\/\/onboatsrental.com\/wp-content\/uploads\/2024\/06\/logo_Onboats.png","width":344,"height":290,"caption":"Alquiler de Embarcaciones | OnBoats Rental | L'Ametlla de Mar | Catalunya"},"image":{"@id":"https:\/\/onboatsrental.com\/#\/schema\/logo\/image\/"}}]}},"_links":{"self":[{"href":"https:\/\/onboatsrental.com\/fr\/wp-json\/wp\/v2\/pages\/3095","targetHints":{"allow":["GET"]}}],"collection":[{"href":"https:\/\/onboatsrental.com\/fr\/wp-json\/wp\/v2\/pages"}],"about":[{"href":"https:\/\/onboatsrental.com\/fr\/wp-json\/wp\/v2\/types\/page"}],"author":[{"embeddable":true,"href":"https:\/\/onboatsrental.com\/fr\/wp-json\/wp\/v2\/users\/1"}],"replies":[{"embeddable":true,"href":"https:\/\/onboatsrental.com\/fr\/wp-json\/wp\/v2\/comments?post=3095"}],"version-history":[{"count":2,"href":"https:\/\/onboatsrental.com\/fr\/wp-json\/wp\/v2\/pages\/3095\/revisions"}],"predecessor-version":[{"id":3099,"href":"https:\/\/onboatsrental.com\/fr\/wp-json\/wp\/v2\/pages\/3095\/revisions\/3099"}],"wp:attachment":[{"href":"https:\/\/onboatsrental.com\/fr\/wp-json\/wp\/v2\/media?parent=3095"}],"curies":[{"name":"wp","href":"https:\/\/api.w.org\/{rel}","templated":true}]}}