{"id":3082,"date":"2023-04-26T17:38:20","date_gmt":"2023-04-26T17:38:20","guid":{"rendered":"https:\/\/onboatsrental.com\/politica-de-cookies\/"},"modified":"2026-03-25T10:52:32","modified_gmt":"2026-03-25T10:52:32","slug":"politica-de-cookies","status":"publish","type":"page","link":"https:\/\/onboatsrental.com\/fr\/politica-de-cookies\/","title":{"rendered":"UTILISATION DES COOKIES"},"content":{"rendered":"<h2 data-section-id=\"6c9jnn\" data-start=\"4151\" data-end=\"4177\">Utilisation des cookies<\/h2>\n<p data-start=\"4179\" data-end=\"4402\">Le site web <a class=\"decorated-link\" href=\"https:\/\/onboatsrental.com\/fr\/\" target=\"_new\" rel=\"noopener\" data-start=\"4191\" data-end=\"4217\">https:\/\/onboatsrental.com\/<\/a>, propri\u00e9t\u00e9 de ONBOATS RENTAL &amp; FISHING TOURS SCP, situ\u00e9 C\/ BENIDORM N9, 1r, 43860, L&rsquo;AMETLLA DE MAR, TARRAGONA, Espagne, avec le num\u00e9ro d\u2019identification J72679079, utilise des cookies.<\/p>\n<p data-start=\"4404\" data-end=\"4750\">Les cookies sont des fichiers t\u00e9l\u00e9charg\u00e9s sur votre ordinateur lorsque vous acc\u00e9dez \u00e0 certaines pages web. Ils permettent au site de stocker et de r\u00e9cup\u00e9rer des informations sur les habitudes de navigation d\u2019un utilisateur ou de son appareil, et selon les informations qu\u2019ils contiennent, ils peuvent \u00eatre utilis\u00e9s pour reconna\u00eetre l\u2019utilisateur.<\/p>\n<p data-start=\"4752\" data-end=\"4848\">Ils am\u00e9liorent \u00e9galement la navigation en permettant d\u2019offrir un contenu adapt\u00e9 \u00e0 l\u2019utilisateur.<\/p>\n<p data-start=\"4850\" data-end=\"5004\">Si vous ne souhaitez pas recevoir de cookies, vous pouvez configurer votre navigateur pour les supprimer, les bloquer ou \u00eatre averti de leur installation.<\/p>\n<h2 data-section-id=\"tjqet8\" data-start=\"5006\" data-end=\"5021\">Consentement<\/h2>\n<p data-start=\"5023\" data-end=\"5138\">Les cookies que nous utilisons ne stockent aucune donn\u00e9e personnelle, sauf si vous vous enregistrez volontairement.<\/p>\n<p data-start=\"5140\" data-end=\"5409\">Lors de votre premi\u00e8re visite, une banni\u00e8re s\u2019affiche. Vous pouvez accepter tous les cookies ou seulement les cookies techniques n\u00e9cessaires.<br data-start=\"5281\" data-end=\"5284\" \/>Ce consentement est valable 13 mois.<br data-start=\"5320\" data-end=\"5323\" \/>Si vous n\u2019\u00eates pas d\u2019accord, vous pouvez envoyer un email \u00e0 <a class=\"decorated-link\" href=\"https:\/\/onboatsrental.com\/fr\/\" target=\"_new\" rel=\"noopener\" data-start=\"5383\" data-end=\"5409\">https:\/\/onboatsrental.com\/<\/a><\/p>\n<h2 data-section-id=\"bxgt4\" data-start=\"5411\" data-end=\"5430\">Types de cookies<\/h2>\n<p data-start=\"5432\" data-end=\"5474\">Cookies de session<br data-start=\"5450\" data-end=\"5453\" \/>Cookies persistants<\/p>\n<p data-start=\"5476\" data-end=\"5631\">Cookies techniques<br data-start=\"5494\" data-end=\"5497\" \/>Cookies de g\u00e9olocalisation<br data-start=\"5523\" data-end=\"5526\" \/>Cookies d\u2019enregistrement<br data-start=\"5550\" data-end=\"5553\" \/>Cookies analytiques<br data-start=\"5572\" data-end=\"5575\" \/>Cookies publicitaires<br data-start=\"5596\" data-end=\"5599\" \/>Cookies publicitaires de tiers<\/p>\n<h2 data-section-id=\"jmy66a\" data-start=\"5633\" data-end=\"5670\">Blocage ou suppression des cookies<\/h2>\n<ul>\n<li data-start=\"5672\" data-end=\"5710\">Explorer<\/li>\n<li data-start=\"5672\" data-end=\"5710\">Chrome<\/li>\n<li data-start=\"5672\" data-end=\"5710\">Firefox<\/li>\n<li data-start=\"5672\" data-end=\"5710\">Safari<\/li>\n<\/ul>\n<h2 data-section-id=\"1n7ea5k\" data-start=\"5712\" data-end=\"5728\">Modifications<\/h2>\n<p data-start=\"5730\" data-end=\"5866\">Le site <a class=\"decorated-link\" href=\"https:\/\/onboatsrental.com\/fr\/\" target=\"_new\" rel=\"noopener\" data-start=\"5738\" data-end=\"5764\">https:\/\/onboatsrental.com\/<\/a> peut modifier cette politique selon les instructions de l\u2019Agence espagnole de protection des donn\u00e9es. Les utilisateurs sont invit\u00e9s \u00e0 la consulter r\u00e9guli\u00e8rement. Derni\u00e8re mise \u00e0 jour : 14 juin 2023, conform\u00e9ment au R\u00e8glement (UE) 2016\/679 (RGPD).<\/p>\n","protected":false},"excerpt":{"rendered":"<p>Utilisation des cookies Le site web https:\/\/onboatsrental.com\/, propri\u00e9t\u00e9 de ONBOATS RENTAL &amp; FISHING TOURS SCP, situ\u00e9 C\/ BENIDORM N9, 1r, 43860, L&rsquo;AMETLLA DE MAR, TARRAGONA, Espagne, avec le num\u00e9ro d\u2019identification J72679079, utilise des cookies. Les cookies sont des fichiers t\u00e9l\u00e9charg\u00e9s sur votre ordinateur lorsque vous acc\u00e9dez \u00e0 certaines pages web. Ils permettent au site de [&hellip;]<\/p>\n","protected":false},"author":1,"featured_media":0,"parent":0,"menu_order":0,"comment_status":"closed","ping_status":"closed","template":"","meta":{"_et_pb_use_builder":"","_et_pb_old_content":"","_et_gb_content_width":"","footnotes":""},"class_list":["post-3082","page","type-page","status-publish","hentry"],"yoast_head":"<!-- This site is optimized with the Yoast SEO plugin v27.4 - https:\/\/yoast.com\/product\/yoast-seo-wordpress\/ -->\n<title>UTILISATION DES COOKIES - Alquiler de Embarcaciones | OnBoats Rental | L&#039;Ametlla de Mar | Catalunya<\/title>\n<meta name=\"description\" content=\"Politique de cookies de OnBoats Rental. D\u00e9couvrez comment nous utilisons les cookies, leurs types et comment les g\u00e9rer ou les d\u00e9sactiver lors de votre navigation.\" \/>\n<meta name=\"robots\" content=\"index, follow, max-snippet:-1, max-image-preview:large, max-video-preview:-1\" \/>\n<link rel=\"canonical\" href=\"https:\/\/onboatsrental.com\/fr\/politica-de-cookies\/\" \/>\n<meta property=\"og:locale\" content=\"fr_FR\" \/>\n<meta property=\"og:type\" content=\"article\" \/>\n<meta property=\"og:title\" content=\"UTILISATION DES COOKIES - Alquiler de Embarcaciones | OnBoats Rental | L&#039;Ametlla de Mar | Catalunya\" \/>\n<meta property=\"og:description\" content=\"Politique de cookies de OnBoats Rental. D\u00e9couvrez comment nous utilisons les cookies, leurs types et comment les g\u00e9rer ou les d\u00e9sactiver lors de votre navigation.\" \/>\n<meta property=\"og:url\" content=\"https:\/\/onboatsrental.com\/fr\/politica-de-cookies\/\" \/>\n<meta property=\"og:site_name\" content=\"Alquiler de Embarcaciones | OnBoats Rental | L&#039;Ametlla de Mar | Catalunya\" \/>\n<meta property=\"article:modified_time\" content=\"2026-03-25T10:52:32+00:00\" \/>\n<meta property=\"og:image\" content=\"https:\/\/onboatsrental.com\/wp-content\/uploads\/2023\/11\/estilo-vida-scaled.jpg\" \/>\n\t<meta property=\"og:image:width\" content=\"2560\" \/>\n\t<meta property=\"og:image:height\" content=\"1707\" \/>\n\t<meta property=\"og:image:type\" content=\"image\/jpeg\" \/>\n<meta name=\"twitter:label1\" content=\"Dur\u00e9e de lecture estim\u00e9e\" \/>\n\t<meta name=\"twitter:data1\" content=\"2 minutes\" \/>\n<script type=\"application\/ld+json\" class=\"yoast-schema-graph\">{\"@context\":\"https:\\\/\\\/schema.org\",\"@graph\":[{\"@type\":\"WebPage\",\"@id\":\"https:\\\/\\\/onboatsrental.com\\\/fr\\\/politica-de-cookies\\\/\",\"url\":\"https:\\\/\\\/onboatsrental.com\\\/fr\\\/politica-de-cookies\\\/\",\"name\":\"UTILISATION DES COOKIES - Alquiler de Embarcaciones | OnBoats Rental | L&#039;Ametlla de Mar | Catalunya\",\"isPartOf\":{\"@id\":\"https:\\\/\\\/onboatsrental.com\\\/#website\"},\"datePublished\":\"2023-04-26T17:38:20+00:00\",\"dateModified\":\"2026-03-25T10:52:32+00:00\",\"description\":\"Politique de cookies de OnBoats Rental. D\u00e9couvrez comment nous utilisons les cookies, leurs types et comment les g\u00e9rer ou les d\u00e9sactiver lors de votre navigation.\",\"breadcrumb\":{\"@id\":\"https:\\\/\\\/onboatsrental.com\\\/fr\\\/politica-de-cookies\\\/#breadcrumb\"},\"inLanguage\":\"fr-FR\",\"potentialAction\":[{\"@type\":\"ReadAction\",\"target\":[\"https:\\\/\\\/onboatsrental.com\\\/fr\\\/politica-de-cookies\\\/\"]}]},{\"@type\":\"BreadcrumbList\",\"@id\":\"https:\\\/\\\/onboatsrental.com\\\/fr\\\/politica-de-cookies\\\/#breadcrumb\",\"itemListElement\":[{\"@type\":\"ListItem\",\"position\":1,\"name\":\"Portada\",\"item\":\"https:\\\/\\\/onboatsrental.com\\\/\"},{\"@type\":\"ListItem\",\"position\":2,\"name\":\"UTILISATION DES COOKIES\"}]},{\"@type\":\"WebSite\",\"@id\":\"https:\\\/\\\/onboatsrental.com\\\/#website\",\"url\":\"https:\\\/\\\/onboatsrental.com\\\/\",\"name\":\"Alquiler de Embarcaciones | OnBoats Rental | L'Ametlla de Mar | Catalunya\",\"description\":\"OnBoats Rental, alquiler de embarcaciones, con y sin titulaci\u00f3n. Ch\u00e1rter de pesca y excursiones n\u00e1uticas. Estamos en el puerto de L&#039;Ametlla de Mar, Tarragona, Catalunya\",\"publisher\":{\"@id\":\"https:\\\/\\\/onboatsrental.com\\\/#organization\"},\"alternateName\":\"OnBoats Rental\",\"potentialAction\":[{\"@type\":\"SearchAction\",\"target\":{\"@type\":\"EntryPoint\",\"urlTemplate\":\"https:\\\/\\\/onboatsrental.com\\\/?s={search_term_string}\"},\"query-input\":{\"@type\":\"PropertyValueSpecification\",\"valueRequired\":true,\"valueName\":\"search_term_string\"}}],\"inLanguage\":\"fr-FR\"},{\"@type\":\"Organization\",\"@id\":\"https:\\\/\\\/onboatsrental.com\\\/#organization\",\"name\":\"Alquiler de Embarcaciones | OnBoats Rental | L'Ametlla de Mar | Catalunya\",\"url\":\"https:\\\/\\\/onboatsrental.com\\\/\",\"logo\":{\"@type\":\"ImageObject\",\"inLanguage\":\"fr-FR\",\"@id\":\"https:\\\/\\\/onboatsrental.com\\\/#\\\/schema\\\/logo\\\/image\\\/\",\"url\":\"https:\\\/\\\/onboatsrental.com\\\/wp-content\\\/uploads\\\/2024\\\/06\\\/logo_Onboats.png\",\"contentUrl\":\"https:\\\/\\\/onboatsrental.com\\\/wp-content\\\/uploads\\\/2024\\\/06\\\/logo_Onboats.png\",\"width\":344,\"height\":290,\"caption\":\"Alquiler de Embarcaciones | OnBoats Rental | L'Ametlla de Mar | Catalunya\"},\"image\":{\"@id\":\"https:\\\/\\\/onboatsrental.com\\\/#\\\/schema\\\/logo\\\/image\\\/\"}}]}<\/script>\n<!-- \/ Yoast SEO plugin. -->","yoast_head_json":{"title":"UTILISATION DES COOKIES - Alquiler de Embarcaciones | OnBoats Rental | L&#039;Ametlla de Mar | Catalunya","description":"Politique de cookies de OnBoats Rental. D\u00e9couvrez comment nous utilisons les cookies, leurs types et comment les g\u00e9rer ou les d\u00e9sactiver lors de votre navigation.","robots":{"index":"index","follow":"follow","max-snippet":"max-snippet:-1","max-image-preview":"max-image-preview:large","max-video-preview":"max-video-preview:-1"},"canonical":"https:\/\/onboatsrental.com\/fr\/politica-de-cookies\/","og_locale":"fr_FR","og_type":"article","og_title":"UTILISATION DES COOKIES - Alquiler de Embarcaciones | OnBoats Rental | L&#039;Ametlla de Mar | Catalunya","og_description":"Politique de cookies de OnBoats Rental. D\u00e9couvrez comment nous utilisons les cookies, leurs types et comment les g\u00e9rer ou les d\u00e9sactiver lors de votre navigation.","og_url":"https:\/\/onboatsrental.com\/fr\/politica-de-cookies\/","og_site_name":"Alquiler de Embarcaciones | OnBoats Rental | L&#039;Ametlla de Mar | Catalunya","article_modified_time":"2026-03-25T10:52:32+00:00","og_image":[{"width":2560,"height":1707,"url":"https:\/\/onboatsrental.com\/wp-content\/uploads\/2023\/11\/estilo-vida-scaled.jpg","type":"image\/jpeg"}],"twitter_misc":{"Dur\u00e9e de lecture estim\u00e9e":"2 minutes"},"schema":{"@context":"https:\/\/schema.org","@graph":[{"@type":"WebPage","@id":"https:\/\/onboatsrental.com\/fr\/politica-de-cookies\/","url":"https:\/\/onboatsrental.com\/fr\/politica-de-cookies\/","name":"UTILISATION DES COOKIES - Alquiler de Embarcaciones | OnBoats Rental | L&#039;Ametlla de Mar | Catalunya","isPartOf":{"@id":"https:\/\/onboatsrental.com\/#website"},"datePublished":"2023-04-26T17:38:20+00:00","dateModified":"2026-03-25T10:52:32+00:00","description":"Politique de cookies de OnBoats Rental. D\u00e9couvrez comment nous utilisons les cookies, leurs types et comment les g\u00e9rer ou les d\u00e9sactiver lors de votre navigation.","breadcrumb":{"@id":"https:\/\/onboatsrental.com\/fr\/politica-de-cookies\/#breadcrumb"},"inLanguage":"fr-FR","potentialAction":[{"@type":"ReadAction","target":["https:\/\/onboatsrental.com\/fr\/politica-de-cookies\/"]}]},{"@type":"BreadcrumbList","@id":"https:\/\/onboatsrental.com\/fr\/politica-de-cookies\/#breadcrumb","itemListElement":[{"@type":"ListItem","position":1,"name":"Portada","item":"https:\/\/onboatsrental.com\/"},{"@type":"ListItem","position":2,"name":"UTILISATION DES COOKIES"}]},{"@type":"WebSite","@id":"https:\/\/onboatsrental.com\/#website","url":"https:\/\/onboatsrental.com\/","name":"Alquiler de Embarcaciones | OnBoats Rental | L'Ametlla de Mar | Catalunya","description":"OnBoats Rental, alquiler de embarcaciones, con y sin titulaci\u00f3n. Ch\u00e1rter de pesca y excursiones n\u00e1uticas. Estamos en el puerto de L&#039;Ametlla de Mar, Tarragona, Catalunya","publisher":{"@id":"https:\/\/onboatsrental.com\/#organization"},"alternateName":"OnBoats Rental","potentialAction":[{"@type":"SearchAction","target":{"@type":"EntryPoint","urlTemplate":"https:\/\/onboatsrental.com\/?s={search_term_string}"},"query-input":{"@type":"PropertyValueSpecification","valueRequired":true,"valueName":"search_term_string"}}],"inLanguage":"fr-FR"},{"@type":"Organization","@id":"https:\/\/onboatsrental.com\/#organization","name":"Alquiler de Embarcaciones | OnBoats Rental | L'Ametlla de Mar | Catalunya","url":"https:\/\/onboatsrental.com\/","logo":{"@type":"ImageObject","inLanguage":"fr-FR","@id":"https:\/\/onboatsrental.com\/#\/schema\/logo\/image\/","url":"https:\/\/onboatsrental.com\/wp-content\/uploads\/2024\/06\/logo_Onboats.png","contentUrl":"https:\/\/onboatsrental.com\/wp-content\/uploads\/2024\/06\/logo_Onboats.png","width":344,"height":290,"caption":"Alquiler de Embarcaciones | OnBoats Rental | L'Ametlla de Mar | Catalunya"},"image":{"@id":"https:\/\/onboatsrental.com\/#\/schema\/logo\/image\/"}}]}},"_links":{"self":[{"href":"https:\/\/onboatsrental.com\/fr\/wp-json\/wp\/v2\/pages\/3082","targetHints":{"allow":["GET"]}}],"collection":[{"href":"https:\/\/onboatsrental.com\/fr\/wp-json\/wp\/v2\/pages"}],"about":[{"href":"https:\/\/onboatsrental.com\/fr\/wp-json\/wp\/v2\/types\/page"}],"author":[{"embeddable":true,"href":"https:\/\/onboatsrental.com\/fr\/wp-json\/wp\/v2\/users\/1"}],"replies":[{"embeddable":true,"href":"https:\/\/onboatsrental.com\/fr\/wp-json\/wp\/v2\/comments?post=3082"}],"version-history":[{"count":3,"href":"https:\/\/onboatsrental.com\/fr\/wp-json\/wp\/v2\/pages\/3082\/revisions"}],"predecessor-version":[{"id":3088,"href":"https:\/\/onboatsrental.com\/fr\/wp-json\/wp\/v2\/pages\/3082\/revisions\/3088"}],"wp:attachment":[{"href":"https:\/\/onboatsrental.com\/fr\/wp-json\/wp\/v2\/media?parent=3082"}],"curies":[{"name":"wp","href":"https:\/\/api.w.org\/{rel}","templated":true}]}}