{"id":3112,"date":"2026-03-25T11:18:31","date_gmt":"2026-03-25T11:18:31","guid":{"rendered":"https:\/\/onboatsrental.com\/aviso-legal\/"},"modified":"2026-03-25T11:26:47","modified_gmt":"2026-03-25T11:26:47","slug":"aviso-legal","status":"publish","type":"page","link":"https:\/\/onboatsrental.com\/en\/aviso-legal\/","title":{"rendered":"LEGAL NOTICE"},"content":{"rendered":"<p data-start=\"204\" data-end=\"216\"><strong>LEGAL NOTICE<\/strong><\/p>\n<p data-start=\"218\" data-end=\"237\">Identification data<\/p>\n<p data-start=\"239\" data-end=\"512\">You are visiting the website <a class=\"decorated-link\" href=\"https:\/\/onboatsrental.com\/en\/\" target=\"_new\" rel=\"noopener\" data-start=\"268\" data-end=\"294\">https:\/\/onboatsrental.com\/<\/a> owned by ONBOATS RENTAL &amp; FISHING TOURS SCP, with address at C\/ BENIDORM N9, 1r, 43860, L&#8217;AMETLLA DE MAR, TARRAGONA, Spain, and with tax identification number J72679079 (in this document referred to as &lt;&lt;the Owner&gt;&gt;).<\/p>\n<p data-start=\"514\" data-end=\"591\">The activity is not subject to any prior administrative authorization regime.<\/p>\n<p data-start=\"593\" data-end=\"649\">You may contact THE OWNER by any of the following means:<\/p>\n<p data-start=\"651\" data-end=\"717\">Phone: +34 617 671 335<br data-start=\"673\" data-end=\"676\" \/>Contact email: <a class=\"decorated-link cursor-pointer\" rel=\"noopener\" data-start=\"691\" data-end=\"717\">reservas@onboatsrental.com<\/a><\/p>\n<p data-start=\"719\" data-end=\"730\">Web hosting<\/p>\n<p data-start=\"732\" data-end=\"857\">You are at: Home &gt; Business Directory CNAE Activity | Directory by Provinces &gt; General data of IONOS CLOUD SL. IONOS CLOUD SL<\/p>\n<p data-start=\"859\" data-end=\"918\">AVENIDA DE LA VEGA (EDIF. VEGANOVA), 1 \u2013 EDIF. 3 PISO 5 PTA<\/p>\n<p data-start=\"920\" data-end=\"936\">Phone: 902585111<\/p>\n<p data-start=\"938\" data-end=\"969\">Contact email: <a class=\"decorated-link cursor-pointer\" rel=\"noopener\" data-start=\"953\" data-end=\"969\">soporte@ionos.es<\/a><\/p>\n<p data-start=\"971\" data-end=\"976\"><strong>Users<\/strong><\/p>\n<p data-start=\"978\" data-end=\"1120\">These conditions (hereinafter Legal Notice) are intended to regulate the use of the website of THE OWNER that is made available to the public.<\/p>\n<p data-start=\"1122\" data-end=\"1384\">Access and\/or use of this website of THE OWNER attributes the condition of USER, who accepts, from said access and\/or use, the general conditions of use reflected here, independently of the general contracting conditions that, where applicable, may be mandatory.<\/p>\n<p data-start=\"1386\" data-end=\"1403\"><strong>Use of the portal<\/strong><\/p>\n<p data-start=\"1405\" data-end=\"1624\"><a class=\"decorated-link\" href=\"https:\/\/onboatsrental.com\/en\/\" target=\"_new\" rel=\"noopener\" data-start=\"1405\" data-end=\"1431\">https:\/\/onboatsrental.com\/<\/a> provides access to a multitude of information, services, programs or data (hereinafter, the contents) on the Internet belonging to THE OWNER or its licensors to which the USER may have access.<\/p>\n<p data-start=\"1626\" data-end=\"2081\">The USER assumes responsibility for the use of the ONBOATS RENTAL &amp; FISHING TOURS SCP website. This responsibility extends to the registration necessary to access certain services or contents. In said registration, the USER will be responsible for providing truthful and lawful information. As a result of this registration, the USER may be provided with a password for which he will be responsible, committing to make diligent and confidential use of it.<\/p>\n<p data-start=\"2083\" data-end=\"2356\">The USER undertakes to make appropriate use of the contents and services (for example, chat services, discussion forums or news groups) that THE OWNER offers through its ONBOATS RENTAL &amp; FISHING TOURS SCP site and, by way of example but not limitation, not to use them for:<\/p>\n<p data-start=\"2358\" data-end=\"2442\">Carrying out illicit, illegal activities or contrary to good faith and public order.<\/p>\n<p data-start=\"2444\" data-end=\"2579\">Disseminating content or propaganda of a racist, xenophobic, illegal pornographic nature, apology of terrorism or against human rights.<\/p>\n<p data-start=\"2581\" data-end=\"2786\">Causing damage to the physical and logical systems of the OWNER, its suppliers or third parties; introducing or spreading computer viruses or any other systems capable of causing the aforementioned damage.<\/p>\n<p data-start=\"2788\" data-end=\"2907\">Trying to access and, where appropriate, use the email accounts of other users and modify or manipulate their messages.<\/p>\n<p data-start=\"2909\" data-end=\"3053\">Using the website or the information contained therein for commercial, political or advertising purposes, especially sending unsolicited emails.<\/p>\n<p data-start=\"3055\" data-end=\"3397\">THE OWNER reserves the right to remove all comments and contributions that violate respect for the dignity of the person, that are discriminatory, xenophobic, racist, pornographic, that threaten youth or childhood, public order or security or that, in his opinion, are not suitable for publication. Forums, chats or other participation tools.<\/p>\n<p data-start=\"3399\" data-end=\"3414\"><strong>Data protection<\/strong><\/p>\n<p data-start=\"3416\" data-end=\"3508\">Everything related to the data protection policy is included in the privacy policy document.<\/p>\n<p data-start=\"3510\" data-end=\"3556\">Contents. Intellectual and industrial property<\/p>\n<p data-start=\"3558\" data-end=\"3693\">THE OWNER is the owner of all intellectual and industrial property rights of its website, as well as of the elements contained therein.<\/p>\n<p data-start=\"3695\" data-end=\"3815\">All rights reserved. Reproduction, distribution and public communication are expressly prohibited without authorization.<\/p>\n<p data-start=\"3817\" data-end=\"3877\">The USER undertakes to respect intellectual property rights.<\/p>\n<p data-start=\"3879\" data-end=\"3917\">Disclaimer of warranties and liability<\/p>\n<p data-start=\"3919\" data-end=\"4002\">The user acknowledges that the use of the website is under his sole responsibility.<\/p>\n<p data-start=\"4004\" data-end=\"4037\"><strong>THE OWNER is not responsible for:<\/strong><\/p>\n<p data-start=\"4039\" data-end=\"4237\">a) Availability of the website<br data-start=\"4069\" data-end=\"4072\" \/>b) Use for USER purposes<br data-start=\"4096\" data-end=\"4099\" \/>c) Violations by users<br data-start=\"4121\" data-end=\"4124\" \/>d) Malicious code<br data-start=\"4141\" data-end=\"4144\" \/>e) Unauthorized access<br data-start=\"4166\" data-end=\"4169\" \/>f) Accuracy of content<br data-start=\"4191\" data-end=\"4194\" \/>g) Damage to equipment<br data-start=\"4216\" data-end=\"4219\" \/>h) Force majeure<\/p>\n<p data-start=\"4239\" data-end=\"4295\">Messages in forums reflect only the opinion of the USER.<\/p>\n<p data-start=\"4297\" data-end=\"4343\">Modification of this legal notice and duration<\/p>\n<p data-start=\"4345\" data-end=\"4417\">THE OWNER reserves the right to modify the website without prior notice.<\/p>\n<p data-start=\"4419\" data-end=\"4455\">Validity will remain until replaced.<\/p>\n<p><strong>Links<\/strong><\/p>\n<p>In the event that https:\/\/onboatsrental.com\/ includes links or hyperlinks to other websites, THE OWNER shall exercise no control whatsoever over such sites and their content. Under no circumstances shall THE OWNER accept any liability for the content of any link belonging to a third-party website, nor shall it guarantee the technical availability, quality, reliability, accuracy, comprehensiveness, truthfulness, validity or constitutionality of any material or information contained in any such hyperlinks or other websites. Similarly, the inclusion of these external links shall not imply any form of association, merger or partnership with the linked entities.<\/p>\n<p><strong>Right of exclusion<\/strong><\/p>\n<p>THE OWNER reserves the right to deny or withdraw access to the ONBOATS RENTAL &amp; FISHING TOURS SCP website and\/or the services offered without prior warning, at its own discretion or that of a third party, to those users who fail to comply with the terms of this legal notice.<\/p>\n<p><strong>General Provisions<\/strong><\/p>\n<p>THE OWNER will take legal action against any breach of these terms and conditions, as well as any misuse of the ONBOATS RENTAL &amp; FISHING TOURS SCP website, by bringing any civil or criminal proceedings available to it under the law.<\/p>\n<p><strong>Applicable law and jurisdiction<\/strong><\/p>\n<p>The relationship between THE OWNER and the USER shall be governed by current Spanish legislation. All disputes and claims arising from this legal notice shall be resolved by the competent courts and tribunals.<\/p>\n<p>This cookie policy was updated on 14 June 2023 to comply with Regulation (EU) 2016\/679 of the European Parliament and of the Council of 27 April 2016 on the protection of natural persons with regard to the processing of personal data and on the free movement of such data (GDPR).<\/p>\n","protected":false},"excerpt":{"rendered":"<p>LEGAL NOTICE Identification data You are visiting the website https:\/\/onboatsrental.com\/ owned by ONBOATS RENTAL &amp; FISHING TOURS SCP, with address at C\/ BENIDORM N9, 1r, 43860, L&#8217;AMETLLA DE MAR, TARRAGONA, Spain, and with tax identification number J72679079 (in this document referred to as &lt;&lt;the Owner&gt;&gt;). The activity is not subject to any prior administrative authorization [&hellip;]<\/p>\n","protected":false},"author":1,"featured_media":0,"parent":0,"menu_order":0,"comment_status":"closed","ping_status":"closed","template":"","meta":{"_et_pb_use_builder":"","_et_pb_old_content":"","_et_gb_content_width":"","footnotes":""},"class_list":["post-3112","page","type-page","status-publish","hentry"],"yoast_head":"<!-- This site is optimized with the Yoast SEO plugin v27.4 - https:\/\/yoast.com\/product\/yoast-seo-wordpress\/ -->\n<title>LEGAL NOTICE - Alquiler de Embarcaciones | OnBoats Rental | L&#039;Ametlla de Mar | Catalunya<\/title>\n<meta name=\"description\" content=\"Please see OnBoats legal notice: information on website ownership, terms of use and data protection.\" \/>\n<meta name=\"robots\" content=\"index, follow, max-snippet:-1, max-image-preview:large, max-video-preview:-1\" \/>\n<link rel=\"canonical\" href=\"https:\/\/onboatsrental.com\/en\/aviso-legal\/\" \/>\n<meta property=\"og:locale\" content=\"en_US\" \/>\n<meta property=\"og:type\" content=\"article\" \/>\n<meta property=\"og:title\" content=\"LEGAL NOTICE - Alquiler de Embarcaciones | OnBoats Rental | L&#039;Ametlla de Mar | Catalunya\" \/>\n<meta property=\"og:description\" content=\"Please see OnBoats legal notice: information on website ownership, terms of use and data protection.\" \/>\n<meta property=\"og:url\" content=\"https:\/\/onboatsrental.com\/en\/aviso-legal\/\" \/>\n<meta property=\"og:site_name\" content=\"Alquiler de Embarcaciones | OnBoats Rental | L&#039;Ametlla de Mar | Catalunya\" \/>\n<meta property=\"article:modified_time\" content=\"2026-03-25T11:26:47+00:00\" \/>\n<meta property=\"og:image\" content=\"https:\/\/onboatsrental.com\/wp-content\/uploads\/2023\/11\/estilo-vida-scaled.jpg\" \/>\n\t<meta property=\"og:image:width\" content=\"2560\" \/>\n\t<meta property=\"og:image:height\" content=\"1707\" \/>\n\t<meta property=\"og:image:type\" content=\"image\/jpeg\" \/>\n<meta name=\"twitter:label1\" content=\"Est. reading time\" \/>\n\t<meta name=\"twitter:data1\" content=\"5 minutes\" \/>\n<script type=\"application\/ld+json\" class=\"yoast-schema-graph\">{\"@context\":\"https:\\\/\\\/schema.org\",\"@graph\":[{\"@type\":\"WebPage\",\"@id\":\"https:\\\/\\\/onboatsrental.com\\\/en\\\/aviso-legal\\\/\",\"url\":\"https:\\\/\\\/onboatsrental.com\\\/en\\\/aviso-legal\\\/\",\"name\":\"LEGAL NOTICE - Alquiler de Embarcaciones | OnBoats Rental | L&#039;Ametlla de Mar | Catalunya\",\"isPartOf\":{\"@id\":\"https:\\\/\\\/onboatsrental.com\\\/#website\"},\"datePublished\":\"2026-03-25T11:18:31+00:00\",\"dateModified\":\"2026-03-25T11:26:47+00:00\",\"description\":\"Please see OnBoats legal notice: information on website ownership, terms of use and data protection.\",\"breadcrumb\":{\"@id\":\"https:\\\/\\\/onboatsrental.com\\\/en\\\/aviso-legal\\\/#breadcrumb\"},\"inLanguage\":\"en-US\",\"potentialAction\":[{\"@type\":\"ReadAction\",\"target\":[\"https:\\\/\\\/onboatsrental.com\\\/en\\\/aviso-legal\\\/\"]}]},{\"@type\":\"BreadcrumbList\",\"@id\":\"https:\\\/\\\/onboatsrental.com\\\/en\\\/aviso-legal\\\/#breadcrumb\",\"itemListElement\":[{\"@type\":\"ListItem\",\"position\":1,\"name\":\"Portada\",\"item\":\"https:\\\/\\\/onboatsrental.com\\\/\"},{\"@type\":\"ListItem\",\"position\":2,\"name\":\"LEGAL NOTICE\"}]},{\"@type\":\"WebSite\",\"@id\":\"https:\\\/\\\/onboatsrental.com\\\/#website\",\"url\":\"https:\\\/\\\/onboatsrental.com\\\/\",\"name\":\"Alquiler de Embarcaciones | OnBoats Rental | L'Ametlla de Mar | Catalunya\",\"description\":\"OnBoats Rental, alquiler de embarcaciones, con y sin titulaci\u00f3n. Ch\u00e1rter de pesca y excursiones n\u00e1uticas. Estamos en el puerto de L&#039;Ametlla de Mar, Tarragona, Catalunya\",\"publisher\":{\"@id\":\"https:\\\/\\\/onboatsrental.com\\\/#organization\"},\"alternateName\":\"OnBoats Rental\",\"potentialAction\":[{\"@type\":\"SearchAction\",\"target\":{\"@type\":\"EntryPoint\",\"urlTemplate\":\"https:\\\/\\\/onboatsrental.com\\\/?s={search_term_string}\"},\"query-input\":{\"@type\":\"PropertyValueSpecification\",\"valueRequired\":true,\"valueName\":\"search_term_string\"}}],\"inLanguage\":\"en-US\"},{\"@type\":\"Organization\",\"@id\":\"https:\\\/\\\/onboatsrental.com\\\/#organization\",\"name\":\"Alquiler de Embarcaciones | OnBoats Rental | L'Ametlla de Mar | Catalunya\",\"url\":\"https:\\\/\\\/onboatsrental.com\\\/\",\"logo\":{\"@type\":\"ImageObject\",\"inLanguage\":\"en-US\",\"@id\":\"https:\\\/\\\/onboatsrental.com\\\/#\\\/schema\\\/logo\\\/image\\\/\",\"url\":\"https:\\\/\\\/onboatsrental.com\\\/wp-content\\\/uploads\\\/2024\\\/06\\\/logo_Onboats.png\",\"contentUrl\":\"https:\\\/\\\/onboatsrental.com\\\/wp-content\\\/uploads\\\/2024\\\/06\\\/logo_Onboats.png\",\"width\":344,\"height\":290,\"caption\":\"Alquiler de Embarcaciones | OnBoats Rental | L'Ametlla de Mar | Catalunya\"},\"image\":{\"@id\":\"https:\\\/\\\/onboatsrental.com\\\/#\\\/schema\\\/logo\\\/image\\\/\"}}]}<\/script>\n<!-- \/ Yoast SEO plugin. -->","yoast_head_json":{"title":"LEGAL NOTICE - Alquiler de Embarcaciones | OnBoats Rental | L&#039;Ametlla de Mar | Catalunya","description":"Please see OnBoats legal notice: information on website ownership, terms of use and data protection.","robots":{"index":"index","follow":"follow","max-snippet":"max-snippet:-1","max-image-preview":"max-image-preview:large","max-video-preview":"max-video-preview:-1"},"canonical":"https:\/\/onboatsrental.com\/en\/aviso-legal\/","og_locale":"en_US","og_type":"article","og_title":"LEGAL NOTICE - Alquiler de Embarcaciones | OnBoats Rental | L&#039;Ametlla de Mar | Catalunya","og_description":"Please see OnBoats legal notice: information on website ownership, terms of use and data protection.","og_url":"https:\/\/onboatsrental.com\/en\/aviso-legal\/","og_site_name":"Alquiler de Embarcaciones | OnBoats Rental | L&#039;Ametlla de Mar | Catalunya","article_modified_time":"2026-03-25T11:26:47+00:00","og_image":[{"width":2560,"height":1707,"url":"https:\/\/onboatsrental.com\/wp-content\/uploads\/2023\/11\/estilo-vida-scaled.jpg","type":"image\/jpeg"}],"twitter_misc":{"Est. reading time":"5 minutes"},"schema":{"@context":"https:\/\/schema.org","@graph":[{"@type":"WebPage","@id":"https:\/\/onboatsrental.com\/en\/aviso-legal\/","url":"https:\/\/onboatsrental.com\/en\/aviso-legal\/","name":"LEGAL NOTICE - Alquiler de Embarcaciones | OnBoats Rental | L&#039;Ametlla de Mar | Catalunya","isPartOf":{"@id":"https:\/\/onboatsrental.com\/#website"},"datePublished":"2026-03-25T11:18:31+00:00","dateModified":"2026-03-25T11:26:47+00:00","description":"Please see OnBoats legal notice: information on website ownership, terms of use and data protection.","breadcrumb":{"@id":"https:\/\/onboatsrental.com\/en\/aviso-legal\/#breadcrumb"},"inLanguage":"en-US","potentialAction":[{"@type":"ReadAction","target":["https:\/\/onboatsrental.com\/en\/aviso-legal\/"]}]},{"@type":"BreadcrumbList","@id":"https:\/\/onboatsrental.com\/en\/aviso-legal\/#breadcrumb","itemListElement":[{"@type":"ListItem","position":1,"name":"Portada","item":"https:\/\/onboatsrental.com\/"},{"@type":"ListItem","position":2,"name":"LEGAL NOTICE"}]},{"@type":"WebSite","@id":"https:\/\/onboatsrental.com\/#website","url":"https:\/\/onboatsrental.com\/","name":"Alquiler de Embarcaciones | OnBoats Rental | L'Ametlla de Mar | Catalunya","description":"OnBoats Rental, alquiler de embarcaciones, con y sin titulaci\u00f3n. Ch\u00e1rter de pesca y excursiones n\u00e1uticas. Estamos en el puerto de L&#039;Ametlla de Mar, Tarragona, Catalunya","publisher":{"@id":"https:\/\/onboatsrental.com\/#organization"},"alternateName":"OnBoats Rental","potentialAction":[{"@type":"SearchAction","target":{"@type":"EntryPoint","urlTemplate":"https:\/\/onboatsrental.com\/?s={search_term_string}"},"query-input":{"@type":"PropertyValueSpecification","valueRequired":true,"valueName":"search_term_string"}}],"inLanguage":"en-US"},{"@type":"Organization","@id":"https:\/\/onboatsrental.com\/#organization","name":"Alquiler de Embarcaciones | OnBoats Rental | L'Ametlla de Mar | Catalunya","url":"https:\/\/onboatsrental.com\/","logo":{"@type":"ImageObject","inLanguage":"en-US","@id":"https:\/\/onboatsrental.com\/#\/schema\/logo\/image\/","url":"https:\/\/onboatsrental.com\/wp-content\/uploads\/2024\/06\/logo_Onboats.png","contentUrl":"https:\/\/onboatsrental.com\/wp-content\/uploads\/2024\/06\/logo_Onboats.png","width":344,"height":290,"caption":"Alquiler de Embarcaciones | OnBoats Rental | L'Ametlla de Mar | Catalunya"},"image":{"@id":"https:\/\/onboatsrental.com\/#\/schema\/logo\/image\/"}}]}},"_links":{"self":[{"href":"https:\/\/onboatsrental.com\/en\/wp-json\/wp\/v2\/pages\/3112","targetHints":{"allow":["GET"]}}],"collection":[{"href":"https:\/\/onboatsrental.com\/en\/wp-json\/wp\/v2\/pages"}],"about":[{"href":"https:\/\/onboatsrental.com\/en\/wp-json\/wp\/v2\/types\/page"}],"author":[{"embeddable":true,"href":"https:\/\/onboatsrental.com\/en\/wp-json\/wp\/v2\/users\/1"}],"replies":[{"embeddable":true,"href":"https:\/\/onboatsrental.com\/en\/wp-json\/wp\/v2\/comments?post=3112"}],"version-history":[{"count":3,"href":"https:\/\/onboatsrental.com\/en\/wp-json\/wp\/v2\/pages\/3112\/revisions"}],"predecessor-version":[{"id":3116,"href":"https:\/\/onboatsrental.com\/en\/wp-json\/wp\/v2\/pages\/3112\/revisions\/3116"}],"wp:attachment":[{"href":"https:\/\/onboatsrental.com\/en\/wp-json\/wp\/v2\/media?parent=3112"}],"curies":[{"name":"wp","href":"https:\/\/api.w.org\/{rel}","templated":true}]}}