{"id":3102,"date":"2026-03-25T11:07:05","date_gmt":"2026-03-25T11:07:05","guid":{"rendered":"https:\/\/onboatsrental.com\/declaracion-de-accesibilidad\/"},"modified":"2026-03-25T11:09:59","modified_gmt":"2026-03-25T11:09:59","slug":"declaracion-de-accesibilidad","status":"publish","type":"page","link":"https:\/\/onboatsrental.com\/en\/declaracion-de-accesibilidad\/","title":{"rendered":"ACCESSIBILITY STATEMENT"},"content":{"rendered":"<h1 data-section-id=\"1hv9jk8\" data-start=\"158\" data-end=\"185\">REQUIRED INFORMATION<\/h1>\n<h2 data-section-id=\"10tob72\" data-start=\"187\" data-end=\"213\">Accessibility Statement<\/h2>\n<p data-start=\"215\" data-end=\"429\">ONBOATS RENTAL &amp; FISHING TOURS SCP is committed to making the website onboatsrental.com accessible, in accordance with Royal Decree 1112\/2018 of September 7 on the accessibility of websites and mobile applications.<\/p>\n<p data-start=\"431\" data-end=\"511\">This accessibility statement applies to the website<br data-start=\"482\" data-end=\"485\" \/><a class=\"decorated-link\" href=\"https:\/\/onboatsrental.com\/en\/\" target=\"_new\" rel=\"noopener\" data-start=\"485\" data-end=\"511\">https:\/\/onboatsrental.com\/<\/a><\/p>\n<h2 data-section-id=\"73hk98\" data-start=\"513\" data-end=\"533\">Compliance status<\/h2>\n<p data-start=\"535\" data-end=\"676\">This website is partially compliant with Royal Decree 1112\/2018 of September 7, due to the lack of compliance in the aspects indicated below.<\/p>\n<h2 data-section-id=\"lhnfzc\" data-start=\"678\" data-end=\"703\">Non-accessible content<\/h2>\n<p data-start=\"705\" data-end=\"774\">The content listed below is not accessible for the following reasons:<\/p>\n<p data-start=\"776\" data-end=\"1152\">Non-compliance with Royal Decree 1112\/2018: occasional editing errors may exist on some web pages, both in HTML content and in final documents published after September 20, 2018 (date of entry into force of the Royal Decree).<br data-start=\"1001\" data-end=\"1004\" \/>Specifically, errors may occur in documents containing graphics, complex tables, or documents electronically signed before the accessibility review.<\/p>\n<p data-start=\"1154\" data-end=\"1194\">Disproportionate burden: not applicable.<\/p>\n<p data-start=\"1196\" data-end=\"1458\">Content outside the scope of legislation: office files in PDF or other formats published before September 20, 2018 may not fully comply with accessibility requirements.<br data-start=\"1364\" data-end=\"1367\" \/>There may also be third-party content not developed, funded, or controlled by this company.<\/p>\n<h2 data-section-id=\"1zkyfs\" data-start=\"1460\" data-end=\"1506\">Preparation of this accessibility statement<\/h2>\n<p data-start=\"1508\" data-end=\"1553\">This statement was prepared on June 10, 2025.<\/p>\n<p data-start=\"1555\" data-end=\"1657\">The method used to prepare the statement was a self-assessment carried out by the organization itself.<\/p>\n<p data-start=\"1659\" data-end=\"1705\">Last revision of the statement: June 10, 2025.<\/p>\n<h2 data-section-id=\"8ev75u\" data-start=\"1707\" data-end=\"1742\">Comments and contact information<\/h2>\n<p data-start=\"1744\" data-end=\"1863\">You may submit communications regarding accessibility requirements (article 10.2.a of Royal Decree 1112\/2018), such as:<\/p>\n<p data-start=\"1865\" data-end=\"1900\">Report any possible non-compliance.<\/p>\n<p data-start=\"1902\" data-end=\"1946\">Inform about difficulties accessing content.<\/p>\n<p data-start=\"1948\" data-end=\"1990\">Make suggestions related to accessibility.<\/p>\n<p data-start=\"1992\" data-end=\"2023\">Through the following channels:<\/p>\n<p data-start=\"2025\" data-end=\"2083\">Email: <a class=\"decorated-link cursor-pointer\" rel=\"noopener\" data-start=\"2032\" data-end=\"2058\">reservas@onboatsrental.com<\/a><br data-start=\"2058\" data-end=\"2061\" \/>Phone: +34 617 671 335<\/p>\n<p data-start=\"2085\" data-end=\"2198\">You may also request accessible information that does not meet accessibility requirements, or submit a complaint.<\/p>\n<p data-start=\"2200\" data-end=\"2300\">Requests and complaints must be addressed to the person responsible for the content of this website.<\/p>\n<h2 data-section-id=\"gnusy4\" data-start=\"2302\" data-end=\"2326\">Enforcement procedure<\/h2>\n<p data-start=\"2328\" data-end=\"2486\">Through this procedure you may file a complaint, oppose a decision, request corrective measures, or explain why the response does not meet legal requirements.<\/p>\n<p data-start=\"2488\" data-end=\"2554\">Link to the person responsible for this website or their superior.<\/p>\n","protected":false},"excerpt":{"rendered":"<p>REQUIRED INFORMATION Accessibility Statement ONBOATS RENTAL &amp; FISHING TOURS SCP is committed to making the website onboatsrental.com accessible, in accordance with Royal Decree 1112\/2018 of September 7 on the accessibility of websites and mobile applications. This accessibility statement applies to the websitehttps:\/\/onboatsrental.com\/ Compliance status This website is partially compliant with Royal Decree 1112\/2018 of September [&hellip;]<\/p>\n","protected":false},"author":1,"featured_media":0,"parent":0,"menu_order":0,"comment_status":"closed","ping_status":"closed","template":"","meta":{"_et_pb_use_builder":"","_et_pb_old_content":"","_et_gb_content_width":"","footnotes":""},"class_list":["post-3102","page","type-page","status-publish","hentry"],"yoast_head":"<!-- This site is optimized with the Yoast SEO plugin v27.4 - https:\/\/yoast.com\/product\/yoast-seo-wordpress\/ -->\n<title>ACCESSIBILITY STATEMENT - Alquiler de Embarcaciones | OnBoats Rental | L&#039;Ametlla de Mar | Catalunya<\/title>\n<meta name=\"description\" content=\"Accessibility statement of OnBoats Rental. Learn about website accessibility, compliance status, user rights, and how to contact us regarding accessibility issues.\" \/>\n<meta name=\"robots\" content=\"index, follow, max-snippet:-1, max-image-preview:large, max-video-preview:-1\" \/>\n<link rel=\"canonical\" href=\"https:\/\/onboatsrental.com\/en\/declaracion-de-accesibilidad\/\" \/>\n<meta property=\"og:locale\" content=\"en_US\" \/>\n<meta property=\"og:type\" content=\"article\" \/>\n<meta property=\"og:title\" content=\"ACCESSIBILITY STATEMENT - Alquiler de Embarcaciones | OnBoats Rental | L&#039;Ametlla de Mar | Catalunya\" \/>\n<meta property=\"og:description\" content=\"Accessibility statement of OnBoats Rental. Learn about website accessibility, compliance status, user rights, and how to contact us regarding accessibility issues.\" \/>\n<meta property=\"og:url\" content=\"https:\/\/onboatsrental.com\/en\/declaracion-de-accesibilidad\/\" \/>\n<meta property=\"og:site_name\" content=\"Alquiler de Embarcaciones | OnBoats Rental | L&#039;Ametlla de Mar | Catalunya\" \/>\n<meta property=\"article:modified_time\" content=\"2026-03-25T11:09:59+00:00\" \/>\n<meta property=\"og:image\" content=\"https:\/\/onboatsrental.com\/wp-content\/uploads\/2023\/11\/estilo-vida-scaled.jpg\" \/>\n\t<meta property=\"og:image:width\" content=\"2560\" \/>\n\t<meta property=\"og:image:height\" content=\"1707\" \/>\n\t<meta property=\"og:image:type\" content=\"image\/jpeg\" \/>\n<meta name=\"twitter:label1\" content=\"Est. reading time\" \/>\n\t<meta name=\"twitter:data1\" content=\"2 minutes\" \/>\n<script type=\"application\/ld+json\" class=\"yoast-schema-graph\">{\"@context\":\"https:\\\/\\\/schema.org\",\"@graph\":[{\"@type\":\"WebPage\",\"@id\":\"https:\\\/\\\/onboatsrental.com\\\/en\\\/declaracion-de-accesibilidad\\\/\",\"url\":\"https:\\\/\\\/onboatsrental.com\\\/en\\\/declaracion-de-accesibilidad\\\/\",\"name\":\"ACCESSIBILITY STATEMENT - Alquiler de Embarcaciones | OnBoats Rental | L&#039;Ametlla de Mar | Catalunya\",\"isPartOf\":{\"@id\":\"https:\\\/\\\/onboatsrental.com\\\/#website\"},\"datePublished\":\"2026-03-25T11:07:05+00:00\",\"dateModified\":\"2026-03-25T11:09:59+00:00\",\"description\":\"Accessibility statement of OnBoats Rental. Learn about website accessibility, compliance status, user rights, and how to contact us regarding accessibility issues.\",\"breadcrumb\":{\"@id\":\"https:\\\/\\\/onboatsrental.com\\\/en\\\/declaracion-de-accesibilidad\\\/#breadcrumb\"},\"inLanguage\":\"en-US\",\"potentialAction\":[{\"@type\":\"ReadAction\",\"target\":[\"https:\\\/\\\/onboatsrental.com\\\/en\\\/declaracion-de-accesibilidad\\\/\"]}]},{\"@type\":\"BreadcrumbList\",\"@id\":\"https:\\\/\\\/onboatsrental.com\\\/en\\\/declaracion-de-accesibilidad\\\/#breadcrumb\",\"itemListElement\":[{\"@type\":\"ListItem\",\"position\":1,\"name\":\"Portada\",\"item\":\"https:\\\/\\\/onboatsrental.com\\\/\"},{\"@type\":\"ListItem\",\"position\":2,\"name\":\"ACCESSIBILITY STATEMENT\"}]},{\"@type\":\"WebSite\",\"@id\":\"https:\\\/\\\/onboatsrental.com\\\/#website\",\"url\":\"https:\\\/\\\/onboatsrental.com\\\/\",\"name\":\"Alquiler de Embarcaciones | OnBoats Rental | L'Ametlla de Mar | Catalunya\",\"description\":\"OnBoats Rental, alquiler de embarcaciones, con y sin titulaci\u00f3n. Ch\u00e1rter de pesca y excursiones n\u00e1uticas. Estamos en el puerto de L&#039;Ametlla de Mar, Tarragona, Catalunya\",\"publisher\":{\"@id\":\"https:\\\/\\\/onboatsrental.com\\\/#organization\"},\"alternateName\":\"OnBoats Rental\",\"potentialAction\":[{\"@type\":\"SearchAction\",\"target\":{\"@type\":\"EntryPoint\",\"urlTemplate\":\"https:\\\/\\\/onboatsrental.com\\\/?s={search_term_string}\"},\"query-input\":{\"@type\":\"PropertyValueSpecification\",\"valueRequired\":true,\"valueName\":\"search_term_string\"}}],\"inLanguage\":\"en-US\"},{\"@type\":\"Organization\",\"@id\":\"https:\\\/\\\/onboatsrental.com\\\/#organization\",\"name\":\"Alquiler de Embarcaciones | OnBoats Rental | L'Ametlla de Mar | Catalunya\",\"url\":\"https:\\\/\\\/onboatsrental.com\\\/\",\"logo\":{\"@type\":\"ImageObject\",\"inLanguage\":\"en-US\",\"@id\":\"https:\\\/\\\/onboatsrental.com\\\/#\\\/schema\\\/logo\\\/image\\\/\",\"url\":\"https:\\\/\\\/onboatsrental.com\\\/wp-content\\\/uploads\\\/2024\\\/06\\\/logo_Onboats.png\",\"contentUrl\":\"https:\\\/\\\/onboatsrental.com\\\/wp-content\\\/uploads\\\/2024\\\/06\\\/logo_Onboats.png\",\"width\":344,\"height\":290,\"caption\":\"Alquiler de Embarcaciones | OnBoats Rental | L'Ametlla de Mar | Catalunya\"},\"image\":{\"@id\":\"https:\\\/\\\/onboatsrental.com\\\/#\\\/schema\\\/logo\\\/image\\\/\"}}]}<\/script>\n<!-- \/ Yoast SEO plugin. -->","yoast_head_json":{"title":"ACCESSIBILITY STATEMENT - Alquiler de Embarcaciones | OnBoats Rental | L&#039;Ametlla de Mar | Catalunya","description":"Accessibility statement of OnBoats Rental. Learn about website accessibility, compliance status, user rights, and how to contact us regarding accessibility issues.","robots":{"index":"index","follow":"follow","max-snippet":"max-snippet:-1","max-image-preview":"max-image-preview:large","max-video-preview":"max-video-preview:-1"},"canonical":"https:\/\/onboatsrental.com\/en\/declaracion-de-accesibilidad\/","og_locale":"en_US","og_type":"article","og_title":"ACCESSIBILITY STATEMENT - Alquiler de Embarcaciones | OnBoats Rental | L&#039;Ametlla de Mar | Catalunya","og_description":"Accessibility statement of OnBoats Rental. Learn about website accessibility, compliance status, user rights, and how to contact us regarding accessibility issues.","og_url":"https:\/\/onboatsrental.com\/en\/declaracion-de-accesibilidad\/","og_site_name":"Alquiler de Embarcaciones | OnBoats Rental | L&#039;Ametlla de Mar | Catalunya","article_modified_time":"2026-03-25T11:09:59+00:00","og_image":[{"width":2560,"height":1707,"url":"https:\/\/onboatsrental.com\/wp-content\/uploads\/2023\/11\/estilo-vida-scaled.jpg","type":"image\/jpeg"}],"twitter_misc":{"Est. reading time":"2 minutes"},"schema":{"@context":"https:\/\/schema.org","@graph":[{"@type":"WebPage","@id":"https:\/\/onboatsrental.com\/en\/declaracion-de-accesibilidad\/","url":"https:\/\/onboatsrental.com\/en\/declaracion-de-accesibilidad\/","name":"ACCESSIBILITY STATEMENT - Alquiler de Embarcaciones | OnBoats Rental | L&#039;Ametlla de Mar | Catalunya","isPartOf":{"@id":"https:\/\/onboatsrental.com\/#website"},"datePublished":"2026-03-25T11:07:05+00:00","dateModified":"2026-03-25T11:09:59+00:00","description":"Accessibility statement of OnBoats Rental. Learn about website accessibility, compliance status, user rights, and how to contact us regarding accessibility issues.","breadcrumb":{"@id":"https:\/\/onboatsrental.com\/en\/declaracion-de-accesibilidad\/#breadcrumb"},"inLanguage":"en-US","potentialAction":[{"@type":"ReadAction","target":["https:\/\/onboatsrental.com\/en\/declaracion-de-accesibilidad\/"]}]},{"@type":"BreadcrumbList","@id":"https:\/\/onboatsrental.com\/en\/declaracion-de-accesibilidad\/#breadcrumb","itemListElement":[{"@type":"ListItem","position":1,"name":"Portada","item":"https:\/\/onboatsrental.com\/"},{"@type":"ListItem","position":2,"name":"ACCESSIBILITY STATEMENT"}]},{"@type":"WebSite","@id":"https:\/\/onboatsrental.com\/#website","url":"https:\/\/onboatsrental.com\/","name":"Alquiler de Embarcaciones | OnBoats Rental | L'Ametlla de Mar | Catalunya","description":"OnBoats Rental, alquiler de embarcaciones, con y sin titulaci\u00f3n. Ch\u00e1rter de pesca y excursiones n\u00e1uticas. Estamos en el puerto de L&#039;Ametlla de Mar, Tarragona, Catalunya","publisher":{"@id":"https:\/\/onboatsrental.com\/#organization"},"alternateName":"OnBoats Rental","potentialAction":[{"@type":"SearchAction","target":{"@type":"EntryPoint","urlTemplate":"https:\/\/onboatsrental.com\/?s={search_term_string}"},"query-input":{"@type":"PropertyValueSpecification","valueRequired":true,"valueName":"search_term_string"}}],"inLanguage":"en-US"},{"@type":"Organization","@id":"https:\/\/onboatsrental.com\/#organization","name":"Alquiler de Embarcaciones | OnBoats Rental | L'Ametlla de Mar | Catalunya","url":"https:\/\/onboatsrental.com\/","logo":{"@type":"ImageObject","inLanguage":"en-US","@id":"https:\/\/onboatsrental.com\/#\/schema\/logo\/image\/","url":"https:\/\/onboatsrental.com\/wp-content\/uploads\/2024\/06\/logo_Onboats.png","contentUrl":"https:\/\/onboatsrental.com\/wp-content\/uploads\/2024\/06\/logo_Onboats.png","width":344,"height":290,"caption":"Alquiler de Embarcaciones | OnBoats Rental | L'Ametlla de Mar | Catalunya"},"image":{"@id":"https:\/\/onboatsrental.com\/#\/schema\/logo\/image\/"}}]}},"_links":{"self":[{"href":"https:\/\/onboatsrental.com\/en\/wp-json\/wp\/v2\/pages\/3102","targetHints":{"allow":["GET"]}}],"collection":[{"href":"https:\/\/onboatsrental.com\/en\/wp-json\/wp\/v2\/pages"}],"about":[{"href":"https:\/\/onboatsrental.com\/en\/wp-json\/wp\/v2\/types\/page"}],"author":[{"embeddable":true,"href":"https:\/\/onboatsrental.com\/en\/wp-json\/wp\/v2\/users\/1"}],"replies":[{"embeddable":true,"href":"https:\/\/onboatsrental.com\/en\/wp-json\/wp\/v2\/comments?post=3102"}],"version-history":[{"count":1,"href":"https:\/\/onboatsrental.com\/en\/wp-json\/wp\/v2\/pages\/3102\/revisions"}],"predecessor-version":[{"id":3104,"href":"https:\/\/onboatsrental.com\/en\/wp-json\/wp\/v2\/pages\/3102\/revisions\/3104"}],"wp:attachment":[{"href":"https:\/\/onboatsrental.com\/en\/wp-json\/wp\/v2\/media?parent=3102"}],"curies":[{"name":"wp","href":"https:\/\/api.w.org\/{rel}","templated":true}]}}